{"id":9207,"date":"2025-11-24T12:15:07","date_gmt":"2025-11-24T12:15:07","guid":{"rendered":"https:\/\/fss.cat\/?page_id=9207"},"modified":"2026-04-17T10:59:19","modified_gmt":"2026-04-17T10:59:19","slug":"agenda","status":"publish","type":"page","link":"https:\/\/fss.cat\/es\/agenda\/","title":{"rendered":"Agenda"},"content":{"rendered":"\t\t<div data-elementor-type=\"wp-page\" data-elementor-id=\"9207\" class=\"elementor elementor-9207\" data-elementor-post-type=\"page\">\n\t\t\t\t<div class=\"elementor-element elementor-element-5832f02e e-flex e-con-boxed e-con e-parent\" data-id=\"5832f02e\" data-element_type=\"container\" data-e-type=\"container\">\n\t\t\t\t\t<div class=\"e-con-inner\">\n\t\t\t\t\t<\/div>\n\t\t\t\t<\/div>\n\t\t<div class=\"elementor-element elementor-element-9ac57be e-flex e-con-boxed e-con e-parent\" data-id=\"9ac57be\" data-element_type=\"container\" data-e-type=\"container\">\n\t\t\t\t\t<div class=\"e-con-inner\">\n\t\t<div class=\"elementor-element elementor-element-3146df1 e-con-full e-flex e-con e-child\" data-id=\"3146df1\" data-element_type=\"container\" data-e-type=\"container\">\n\t\t\t\t<div class=\"elementor-element elementor-element-1205245 elementor-position-top elementor-widget elementor-widget-image-box\" data-id=\"1205245\" data-element_type=\"widget\" data-e-type=\"widget\" data-widget_type=\"image-box.default\">\n\t\t\t\t\t<div class=\"elementor-image-box-wrapper\"><figure class=\"elementor-image-box-img\"><img fetchpriority=\"high\" decoding=\"async\" width=\"259\" height=\"194\" src=\"https:\/\/i0.wp.com\/fss.cat\/wp-content\/uploads\/2025\/11\/calendari-mes.webp?fit=259%2C194&amp;ssl=1\" class=\"attachment-full size-full wp-image-9209\" alt=\"\" \/><\/figure><div class=\"elementor-image-box-content\"><h3 class=\"elementor-image-box-title\">L'agenda de Santa Susanna<\/h3><p class=\"elementor-image-box-description\">\nConsulta la programaci\u00f3 mensual\n\n<\/p><\/div><\/div>\t\t\t\t<\/div>\n\t\t\t\t<div class=\"elementor-element elementor-element-40da12d elementor-align-center elementor-widget elementor-widget-button\" data-id=\"40da12d\" data-element_type=\"widget\" data-e-type=\"widget\" data-widget_type=\"button.default\">\n\t\t\t\t\t\t\t\t\t\t<a class=\"elementor-button elementor-button-link elementor-size-sm\" href=\"https:\/\/fss.cat\/wp-content\/uploads\/2026\/03\/AGENDA-DE-SANTA-SUSANNA-2026-04.pdf\">\n\t\t\t\t\t\t<span class=\"elementor-button-content-wrapper\">\n\t\t\t\t\t\t\t\t\t<span class=\"elementor-button-text\">abril<\/span>\n\t\t\t\t\t<\/span>\n\t\t\t\t\t<\/a>\n\t\t\t\t\t\t\t\t<\/div>\n\t\t\t\t<\/div>\n\t\t<div class=\"elementor-element elementor-element-582c20c e-con-full e-flex e-con e-child\" data-id=\"582c20c\" data-element_type=\"container\" data-e-type=\"container\">\n\t\t\t\t<div class=\"elementor-element elementor-element-637cc79 elementor-position-top elementor-widget elementor-widget-image-box\" data-id=\"637cc79\" data-element_type=\"widget\" data-e-type=\"widget\" data-widget_type=\"image-box.default\">\n\t\t\t\t\t<div class=\"elementor-image-box-wrapper\"><figure class=\"elementor-image-box-img\"><img decoding=\"async\" width=\"1000\" height=\"662\" src=\"https:\/\/i0.wp.com\/fss.cat\/wp-content\/uploads\/2025\/12\/lukas-blazek-UAvYasdkzq8-unsplash-scaled-e1765800605940.webp?fit=1000%2C662&amp;ssl=1\" class=\"attachment-full size-full wp-image-9337\" alt=\"\" \/><\/figure><div class=\"elementor-image-box-content\"><h3 class=\"elementor-image-box-title\">Men\u00fa i activitats<\/h3><p class=\"elementor-image-box-description\">Consulta la programaci\u00f3 setmanal\n\n<\/p><\/div><\/div>\t\t\t\t<\/div>\n\t\t\t\t<div class=\"elementor-element elementor-element-1c0a764 elementor-align-center elementor-widget elementor-widget-button\" data-id=\"1c0a764\" data-element_type=\"widget\" data-e-type=\"widget\" data-widget_type=\"button.default\">\n\t\t\t\t\t\t\t\t\t\t<a class=\"elementor-button elementor-button-link elementor-size-sm\" href=\"https:\/\/fss.cat\/wp-content\/uploads\/2026\/04\/Menu-i-activitats-del-20-al-26-dabril.pdf\">\n\t\t\t\t\t\t<span class=\"elementor-button-content-wrapper\">\n\t\t\t\t\t\t\t\t\t<span class=\"elementor-button-text\">del 20 al 26 d'abril<\/span>\n\t\t\t\t\t<\/span>\n\t\t\t\t\t<\/a>\n\t\t\t\t\t\t\t\t<\/div>\n\t\t\t\t<div class=\"elementor-element elementor-element-431ff6e elementor-align-center elementor-widget elementor-widget-button\" data-id=\"431ff6e\" data-element_type=\"widget\" data-e-type=\"widget\" data-widget_type=\"button.default\">\n\t\t\t\t\t\t\t\t\t\t<a class=\"elementor-button elementor-button-link elementor-size-sm\" href=\"https:\/\/fss.cat\/wp-content\/uploads\/2026\/04\/Menu-i-activitats-del-13-al-19-dabril.pdf\">\n\t\t\t\t\t\t<span class=\"elementor-button-content-wrapper\">\n\t\t\t\t\t\t\t\t\t<span class=\"elementor-button-text\">del 13 al 19 d'abril<\/span>\n\t\t\t\t\t<\/span>\n\t\t\t\t\t<\/a>\n\t\t\t\t\t\t\t\t<\/div>\n\t\t\t\t<\/div>\n\t\t\t\t\t<\/div>\n\t\t\t\t<\/div>\n\t\t<div class=\"elementor-element elementor-element-f0389a8 e-flex e-con-boxed e-con e-parent\" data-id=\"f0389a8\" data-element_type=\"container\" data-e-type=\"container\">\n\t\t\t\t\t<div class=\"e-con-inner\">\n\t\t<div class=\"elementor-element elementor-element-1fe47cc e-con-full e-flex e-con e-child\" data-id=\"1fe47cc\" data-element_type=\"container\" data-e-type=\"container\">\n\t\t<div class=\"elementor-element elementor-element-8369985 e-con-full e-flex e-con e-child\" data-id=\"8369985\" data-element_type=\"container\" data-e-type=\"container\">\n\t\t\t\t<div class=\"elementor-element elementor-element-e4e8af8 elementor-position-top elementor-widget elementor-widget-image-box\" data-id=\"e4e8af8\" data-element_type=\"widget\" data-e-type=\"widget\" data-widget_type=\"image-box.default\">\n\t\t\t\t\t<div class=\"elementor-image-box-wrapper\"><figure class=\"elementor-image-box-img\"><img decoding=\"async\" width=\"319\" height=\"304\" src=\"https:\/\/i0.wp.com\/fss.cat\/wp-content\/uploads\/2025\/11\/Nueva-imagen.webp?fit=319%2C304&amp;ssl=1\" class=\"attachment-full size-full wp-image-9211\" alt=\"\" srcset=\"https:\/\/i0.wp.com\/fss.cat\/wp-content\/uploads\/2025\/11\/Nueva-imagen.webp?w=319&amp;ssl=1 319w, https:\/\/i0.wp.com\/fss.cat\/wp-content\/uploads\/2025\/11\/Nueva-imagen.webp?resize=300%2C286&amp;ssl=1 300w\" sizes=\"(max-width: 319px) 100vw, 319px\" \/><\/figure><div class=\"elementor-image-box-content\"><h3 class=\"elementor-image-box-title\">Activitats pel benestar<\/h3><p class=\"elementor-image-box-description\">Adre\u00e7ades a tota la poblaci\u00f3<\/p><\/div><\/div>\t\t\t\t<\/div>\n\t\t\t\t<\/div>\n\t\t\t\t<div class=\"elementor-element elementor-element-3141c7b3 elementor-widget elementor-widget-text-editor\" data-id=\"3141c7b3\" data-element_type=\"widget\" data-e-type=\"widget\" data-widget_type=\"text-editor.default\">\n\t\t\t\t\t\t\t\t\t<ul><li><strong>Girem el dilluns. Vine a ballar!:<\/strong> dilluns a les 19:00<\/li><li><strong>Txikung:<\/strong>\u00a0dimarts a les 8:45<\/li><li><strong>Treball de for\u00e7a: <\/strong>dimecres a les 19:00<\/li><li><strong>Taitx\u00ed:<\/strong> dijous a les 19:00<\/li><\/ul>\t\t\t\t\t\t\t\t<\/div>\n\t\t\t\t<div class=\"elementor-element elementor-element-8b031f7 elementor-align-center elementor-widget elementor-widget-button\" data-id=\"8b031f7\" data-element_type=\"widget\" data-e-type=\"widget\" data-widget_type=\"button.default\">\n\t\t\t\t\t\t\t\t\t\t<a class=\"elementor-button elementor-size-sm\" role=\"button\">\n\t\t\t\t\t\t<span class=\"elementor-button-content-wrapper\">\n\t\t\t\t\t\t\t\t\t<span class=\"elementor-button-text\">Inscripci\u00f3: recepci\u00f3 del c. Sentmenat<\/span>\n\t\t\t\t\t<\/span>\n\t\t\t\t\t<\/a>\n\t\t\t\t\t\t\t\t<\/div>\n\t\t\t\t<\/div>\n\t\t<div class=\"elementor-element elementor-element-5760b6e e-con-full e-flex e-con e-child\" data-id=\"5760b6e\" data-element_type=\"container\" data-e-type=\"container\">\n\t\t\t\t<div class=\"elementor-element elementor-element-82a76e6 elementor-position-top elementor-widget elementor-widget-image-box\" data-id=\"82a76e6\" data-element_type=\"widget\" data-e-type=\"widget\" data-widget_type=\"image-box.default\">\n\t\t\t\t\t<div class=\"elementor-image-box-wrapper\"><figure class=\"elementor-image-box-img\"><img loading=\"lazy\" decoding=\"async\" width=\"650\" height=\"418\" src=\"https:\/\/i0.wp.com\/fss.cat\/wp-content\/uploads\/2026\/03\/tallers-educacio-sociosanitaria-scaled.jpg?fit=650%2C418&amp;ssl=1\" class=\"attachment-full size-full wp-image-10874\" alt=\"\" \/><\/figure><div class=\"elementor-image-box-content\"><h3 class=\"elementor-image-box-title\">Tallers d'educaci\u00f3 sociosanit\u00e0ria<\/h3><p class=\"elementor-image-box-description\">Sessions per millorar la salut i augmentar la qualitat de vida\n<\/p><\/div><\/div>\t\t\t\t<\/div>\n\t\t\t\t<div class=\"elementor-element elementor-element-2ca341f elementor-widget elementor-widget-text-editor\" data-id=\"2ca341f\" data-element_type=\"widget\" data-e-type=\"widget\" data-widget_type=\"text-editor.default\">\n\t\t\t\t\t\t\t\t\t<p>\u00a0<\/p><p>Consulta la programaci\u00f3 mensual<\/p>\t\t\t\t\t\t\t\t<\/div>\n\t\t\t\t<div class=\"elementor-element elementor-element-6a8268e elementor-align-center elementor-widget elementor-widget-button\" data-id=\"6a8268e\" data-element_type=\"widget\" data-e-type=\"widget\" data-widget_type=\"button.default\">\n\t\t\t\t\t\t\t\t\t\t<a class=\"elementor-button elementor-button-link elementor-size-sm\" href=\"https:\/\/fss.cat\/wp-content\/uploads\/2026\/03\/2026-tallers-educacio-sociosanitaria-04.pdf\">\n\t\t\t\t\t\t<span class=\"elementor-button-content-wrapper\">\n\t\t\t\t\t\t\t\t\t<span class=\"elementor-button-text\">abril <\/span>\n\t\t\t\t\t<\/span>\n\t\t\t\t\t<\/a>\n\t\t\t\t\t\t\t\t<\/div>\n\t\t\t\t<\/div>\n\t\t\t\t\t<\/div>\n\t\t\t\t<\/div>\n\t\t<div class=\"elementor-element elementor-element-f70c6a7 e-flex e-con-boxed e-con e-parent\" data-id=\"f70c6a7\" data-element_type=\"container\" data-e-type=\"container\">\n\t\t\t\t\t<div class=\"e-con-inner\">\n\t\t<div class=\"elementor-element elementor-element-7da7a11 e-con-full e-flex e-con e-child\" data-id=\"7da7a11\" data-element_type=\"container\" data-e-type=\"container\">\n\t\t<div class=\"elementor-element elementor-element-56d4d61 e-con-full e-flex e-con e-child\" data-id=\"56d4d61\" data-element_type=\"container\" data-e-type=\"container\">\n\t\t\t\t<div class=\"elementor-element elementor-element-7f0f45a elementor-position-top elementor-widget elementor-widget-image-box\" data-id=\"7f0f45a\" data-element_type=\"widget\" data-e-type=\"widget\" data-widget_type=\"image-box.default\">\n\t\t\t\t\t<div class=\"elementor-image-box-wrapper\"><figure class=\"elementor-image-box-img\"><img loading=\"lazy\" decoding=\"async\" width=\"800\" height=\"600\" src=\"https:\/\/i0.wp.com\/fss.cat\/wp-content\/uploads\/2026\/03\/vivencies-socio-3-scaled-e1774949495596.webp?fit=800%2C600&amp;ssl=1\" class=\"attachment-full size-full wp-image-10886\" alt=\"\" \/><\/figure><div class=\"elementor-image-box-content\"><h3 class=\"elementor-image-box-title\">Viv\u00e8ncies a R\u00e0dio Caldes<\/h3><p class=\"elementor-image-box-description\">El programa r\u00e0dio de la Fundaci\u00f3 Santa Susanna: un espai per compartir, per recordar i per aprendre. \n<\/p><\/div><\/div>\t\t\t\t<\/div>\n\t\t\t\t<\/div>\n\t\t\t\t<div class=\"elementor-element elementor-element-ae8321d elementor-widget elementor-widget-text-editor\" data-id=\"ae8321d\" data-element_type=\"widget\" data-e-type=\"widget\" data-widget_type=\"text-editor.default\">\n\t\t\t\t\t\t\t\t\t<p>Els dimecres a les 11:00<\/p>\t\t\t\t\t\t\t\t<\/div>\n\t\t\t\t<div class=\"elementor-element elementor-element-158b159 elementor-align-center elementor-widget elementor-widget-button\" data-id=\"158b159\" data-element_type=\"widget\" data-e-type=\"widget\" data-widget_type=\"button.default\">\n\t\t\t\t\t\t\t\t\t\t<a class=\"elementor-button elementor-button-link elementor-size-sm\" href=\"https:\/\/www.radiocaldes.cat\/podcasts\/vivencies\/\">\n\t\t\t\t\t\t<span class=\"elementor-button-content-wrapper\">\n\t\t\t\t\t\t\t\t\t<span class=\"elementor-button-text\">Viv\u00e8ncies a R\u00e0dio Caldes<\/span>\n\t\t\t\t\t<\/span>\n\t\t\t\t\t<\/a>\n\t\t\t\t\t\t\t\t<\/div>\n\t\t\t\t<\/div>\n\t\t<div class=\"elementor-element elementor-element-678620b e-con-full e-flex e-con e-child\" data-id=\"678620b\" data-element_type=\"container\" data-e-type=\"container\">\n\t\t<div class=\"elementor-element elementor-element-2aadfe8 e-con-full e-flex e-con e-child\" data-id=\"2aadfe8\" data-element_type=\"container\" data-e-type=\"container\">\n\t\t\t\t<div class=\"elementor-element elementor-element-494b553 elementor-position-top elementor-widget elementor-widget-image-box\" data-id=\"494b553\" data-element_type=\"widget\" data-e-type=\"widget\" data-widget_type=\"image-box.default\">\n\t\t\t\t\t<div class=\"elementor-image-box-wrapper\"><figure class=\"elementor-image-box-img\"><img loading=\"lazy\" decoding=\"async\" width=\"1920\" height=\"1826\" src=\"https:\/\/i0.wp.com\/fss.cat\/wp-content\/uploads\/2025\/12\/font-lleo-caldes-scaled.webp?fit=1920%2C1826&amp;ssl=1\" class=\"attachment-full size-full wp-image-9328\" alt=\"\" srcset=\"https:\/\/i0.wp.com\/fss.cat\/wp-content\/uploads\/2025\/12\/font-lleo-caldes-scaled.webp?w=1920&amp;ssl=1 1920w, https:\/\/i0.wp.com\/fss.cat\/wp-content\/uploads\/2025\/12\/font-lleo-caldes-scaled.webp?resize=300%2C285&amp;ssl=1 300w, https:\/\/i0.wp.com\/fss.cat\/wp-content\/uploads\/2025\/12\/font-lleo-caldes-scaled.webp?resize=1024%2C974&amp;ssl=1 1024w, https:\/\/i0.wp.com\/fss.cat\/wp-content\/uploads\/2025\/12\/font-lleo-caldes-scaled.webp?resize=768%2C730&amp;ssl=1 768w, https:\/\/i0.wp.com\/fss.cat\/wp-content\/uploads\/2025\/12\/font-lleo-caldes-scaled.webp?resize=1536%2C1460&amp;ssl=1 1536w, https:\/\/i0.wp.com\/fss.cat\/wp-content\/uploads\/2025\/12\/font-lleo-caldes-scaled.webp?resize=600%2C571&amp;ssl=1 600w, https:\/\/i0.wp.com\/fss.cat\/wp-content\/uploads\/2025\/12\/font-lleo-caldes-scaled.webp?w=1600&amp;ssl=1 1600w\" sizes=\"(max-width: 800px) 100vw, 800px\" \/><\/figure><div class=\"elementor-image-box-content\"><h3 class=\"elementor-image-box-title\">Gent Gran Activa<\/h3><p class=\"elementor-image-box-description\">La Fundaci\u00f3 Santa Susanna dinamitza el programa Gent Gran Activa de l\u2019Ajuntament de Caldes de Montbui<\/p><\/div><\/div>\t\t\t\t<\/div>\n\t\t\t\t<div class=\"elementor-element elementor-element-15087eb elementor-widget elementor-widget-text-editor\" data-id=\"15087eb\" data-element_type=\"widget\" data-e-type=\"widget\" data-widget_type=\"text-editor.default\">\n\t\t\t\t\t\t\t\t\t<ul class=\"wp-block-list\"><li><strong>Activitats trimestrals amb inscripci\u00f3:<\/strong> Ioga \u00b7 Balls i danses \u00b7 Gimn\u00e0stica \u00b7 Taller de Mem\u00f2ria<\/li><li><strong>Activitats sense inscripci\u00f3:<\/strong> La vellesa \u00e9s una oportunitat \u00b7 Marxa n\u00f2ridica \u00b7 Activitat al parc<\/li><li><strong>Altres activitats: <\/strong>Col\u00f2nies per a gent gran \u00b7 Llen\u00e7a&#8217;t a l&#8217;estiu \u00b7 Ment i moviment \u00b7 Festa Gran<\/li><\/ul>\t\t\t\t\t\t\t\t<\/div>\n\t\t\t\t<div class=\"elementor-element elementor-element-56a7c59 elementor-align-center elementor-widget elementor-widget-button\" data-id=\"56a7c59\" data-element_type=\"widget\" data-e-type=\"widget\" data-widget_type=\"button.default\">\n\t\t\t\t\t\t\t\t\t\t<a class=\"elementor-button elementor-size-sm\" role=\"button\">\n\t\t\t\t\t\t<span class=\"elementor-button-content-wrapper\">\n\t\t\t\t\t\t\t\t\t<span class=\"elementor-button-text\">M\u00e9s informaci\u00f3: Les Cases dels Mestres\u200b<\/span>\n\t\t\t\t\t<\/span>\n\t\t\t\t\t<\/a>\n\t\t\t\t\t\t\t\t<\/div>\n\t\t\t\t<\/div>\n\t\t\t\t<\/div>\n\t\t\t\t\t<\/div>\n\t\t\t\t<\/div>\n\t\t\t\t<\/div>\n\t\t","protected":false},"excerpt":{"rendered":"<p>L&#8217;agenda de Santa Susanna Consulta la programaci\u00f3 mensual abril Men\u00fa i activitats Consulta la programaci\u00f3 setmanal del 20 al 26 d&#8217;abril del 13 al 19 d&#8217;abril Activitats pel benestar Adre\u00e7ades a tota la poblaci\u00f3 Girem el dilluns. Vine a ballar!: dilluns a les 19:00 Txikung:\u00a0dimarts a les 8:45 Treball de for\u00e7a: dimecres a les 19:00 [&hellip;]<\/p>\n","protected":false},"author":5,"featured_media":0,"parent":0,"menu_order":1,"comment_status":"closed","ping_status":"closed","template":"","meta":{"_acf_changed":false,"footnotes":""},"class_list":["post-9207","page","type-page","status-publish","hentry"],"acf":[],"_links":{"self":[{"href":"https:\/\/fss.cat\/es\/wp-json\/wp\/v2\/pages\/9207","targetHints":{"allow":["GET"]}}],"collection":[{"href":"https:\/\/fss.cat\/es\/wp-json\/wp\/v2\/pages"}],"about":[{"href":"https:\/\/fss.cat\/es\/wp-json\/wp\/v2\/types\/page"}],"author":[{"embeddable":true,"href":"https:\/\/fss.cat\/es\/wp-json\/wp\/v2\/users\/5"}],"replies":[{"embeddable":true,"href":"https:\/\/fss.cat\/es\/wp-json\/wp\/v2\/comments?post=9207"}],"version-history":[{"count":5,"href":"https:\/\/fss.cat\/es\/wp-json\/wp\/v2\/pages\/9207\/revisions"}],"predecessor-version":[{"id":10987,"href":"https:\/\/fss.cat\/es\/wp-json\/wp\/v2\/pages\/9207\/revisions\/10987"}],"wp:attachment":[{"href":"https:\/\/fss.cat\/es\/wp-json\/wp\/v2\/media?parent=9207"}],"curies":[{"name":"wp","href":"https:\/\/api.w.org\/{rel}","templated":true}]}}