{"id":8588,"date":"2025-07-03T08:22:31","date_gmt":"2025-07-03T08:22:31","guid":{"rendered":"https:\/\/fss.cat\/servicios-sociosanitarios\/pades\/"},"modified":"2025-10-03T10:42:30","modified_gmt":"2025-10-03T10:42:30","slug":"pades","status":"publish","type":"page","link":"https:\/\/fss.cat\/es\/servicios-sociosanitarios\/pades\/","title":{"rendered":"PADES"},"content":{"rendered":"\t\t<div data-elementor-type=\"wp-page\" data-elementor-id=\"8588\" class=\"elementor elementor-8588 elementor-64\" data-elementor-post-type=\"page\">\n\t\t\t\t<div class=\"elementor-element elementor-element-7d688653 e-flex e-con-boxed e-con e-parent\" data-id=\"7d688653\" data-element_type=\"container\" data-e-type=\"container\">\n\t\t\t\t\t<div class=\"e-con-inner\">\n\t\t\t\t<div class=\"elementor-element elementor-element-2db493c8 elementor-widget elementor-widget-text-editor\" data-id=\"2db493c8\" data-element_type=\"widget\" data-e-type=\"widget\" data-widget_type=\"text-editor.default\">\n\t\t\t\t\t\t\t\t\tPrograma de atenci\u00f3n domiciliaria de apoyo a los equipos de atenci\u00f3n social y primaria\t\t\t\t\t\t\t\t<\/div>\n\t\t\t\t<div class=\"elementor-element elementor-element-902e951 elementor-widget elementor-widget-text-editor\" data-id=\"902e951\" data-element_type=\"widget\" data-e-type=\"widget\" data-widget_type=\"text-editor.default\">\n\t\t\t\t\t\t\t\t\t<p>Dirigido a personas en situaci\u00f3n de fragilidad: enfermedades cr\u00f3nicas complejas o muy avanzadas que necesitan atenci\u00f3n paliativa.<\/p><p>Servicio concertado con el Servicio Catal\u00e1n de la Salud<\/p><p><strong>Proceso de admisi\u00f3n:<\/strong> el equipo de atenci\u00f3n primaria valora la necesidad y tramita la solicitud.<\/p>\t\t\t\t\t\t\t\t<\/div>\n\t\t\t\t\t<\/div>\n\t\t\t\t<\/div>\n\t\t<div class=\"elementor-element elementor-element-81aa57e e-flex e-con-boxed e-con e-parent\" data-id=\"81aa57e\" data-element_type=\"container\" data-e-type=\"container\">\n\t\t\t\t\t<div class=\"e-con-inner\">\n\t\t<div class=\"elementor-element elementor-element-acffe66 e-con-full e-flex e-con e-child\" data-id=\"acffe66\" data-element_type=\"container\" data-e-type=\"container\">\n\t\t\t\t<div class=\"elementor-element elementor-element-ab86570 elementor-widget elementor-widget-heading\" data-id=\"ab86570\" data-element_type=\"widget\" data-e-type=\"widget\" data-widget_type=\"heading.default\">\n\t\t\t\t\t<h2 class=\"elementor-heading-title elementor-size-default\">Equipo multidisciplinar<\/h2>\t\t\t\t<\/div>\n\t\t\t\t<div class=\"elementor-element elementor-element-b51e996 elementor-widget elementor-widget-text-editor\" data-id=\"b51e996\" data-element_type=\"widget\" data-e-type=\"widget\" data-widget_type=\"text-editor.default\">\n\t\t\t\t\t\t\t\t\t<p>Formado por profesionales de la medicina, enfermer\u00eda, trabajo social y psicolog\u00eda.<\/p><p>Se desplaza al domicilio atendiendo a las personas en su entorno afectivo y acompa\u00f1ando a los familiares durante todo el proceso.<\/p>\t\t\t\t\t\t\t\t<\/div>\n\t\t\t\t<div class=\"elementor-element elementor-element-ca8a4ba elementor-widget elementor-widget-heading\" data-id=\"ca8a4ba\" data-element_type=\"widget\" data-e-type=\"widget\" data-widget_type=\"heading.default\">\n\t\t\t\t\t<h2 class=\"elementor-heading-title elementor-size-default\">\u00c1reas de influencia<\/h2>\t\t\t\t<\/div>\n\t\t\t\t<div class=\"elementor-element elementor-element-4448087 elementor-widget elementor-widget-text-editor\" data-id=\"4448087\" data-element_type=\"widget\" data-e-type=\"widget\" data-widget_type=\"text-editor.default\">\n\t\t\t\t\t\t\t\t\t<ul><li>ABS Caldes de Montbui: Caldes de Montbui, Gallifa y Sant Feliu de Codines<\/li><li>ABS Palau-Solit\u00e0 i Plegamans<\/li><li>ABS Vall del Tenes: Bigues i Riells, Lli\u00e7\u00e0 d&#8217;Amunt, Lli\u00e7\u00e0 de Vall y Santa Eul\u00e0lia de Ron\u00e7ana<\/li><\/ul><p> <\/p><p>Equipo de guardia de la comarca los fines de semana.<\/p>\t\t\t\t\t\t\t\t<\/div>\n\t\t\t\t<\/div>\n\t\t<div class=\"elementor-element elementor-element-5e1801a e-con-full e-flex e-con e-child\" data-id=\"5e1801a\" data-element_type=\"container\" data-e-type=\"container\">\n\t\t\t\t<div class=\"elementor-element elementor-element-64f0d2d elementor-widget elementor-widget-image\" data-id=\"64f0d2d\" data-element_type=\"widget\" data-e-type=\"widget\" data-widget_type=\"image.default\">\n\t\t\t\t\t\t\t\t\t\t\t\t\t\t\t<img decoding=\"async\" src=\"https:\/\/i0.wp.com\/fss.cat\/wp-content\/uploads\/2025\/08\/logo-gsalut.webp?fit=312%2C117&#038;ssl=1\" title=\"logo-gsalut\" alt=\"logo-gsalut\" loading=\"lazy\" \/>\t\t\t\t\t\t\t\t\t\t\t\t\t\t\t<\/div>\n\t\t\t\t<div class=\"elementor-element elementor-element-21d2da8 elementor-widget elementor-widget-image\" data-id=\"21d2da8\" data-element_type=\"widget\" data-e-type=\"widget\" data-widget_type=\"image.default\">\n\t\t\t\t\t\t\t\t\t\t\t\t\t\t\t<img fetchpriority=\"high\" decoding=\"async\" width=\"768\" height=\"576\" src=\"https:\/\/i0.wp.com\/fss.cat\/wp-content\/uploads\/2025\/08\/Cotxe-Pades-2.webp?fit=768%2C576&amp;ssl=1\" class=\"attachment-medium_large size-medium_large wp-image-7802\" alt=\"\" \/>\t\t\t\t\t\t\t\t\t\t\t\t\t\t\t<\/div>\n\t\t\t\t<\/div>\n\t\t\t\t\t<\/div>\n\t\t\t\t<\/div>\n\t\t<div class=\"elementor-element elementor-element-4ffa006d e-flex e-con-boxed e-con e-parent\" data-id=\"4ffa006d\" data-element_type=\"container\" data-e-type=\"container\">\n\t\t\t\t\t<div class=\"e-con-inner\">\n\t\t\t\t<div class=\"elementor-element elementor-element-6c7f7f80 elementor-widget elementor-widget-heading\" data-id=\"6c7f7f80\" data-element_type=\"widget\" data-e-type=\"widget\" data-widget_type=\"heading.default\">\n\t\t\t\t\t<h2 class=\"elementor-heading-title elementor-size-default\">Paginas relacionadas<\/h2>\t\t\t\t<\/div>\n\t\t\t\t<div class=\"elementor-element elementor-element-6b269371 elementor-grid-3 elementor-grid-tablet-2 elementor-grid-mobile-1 elementor-widget elementor-widget-loop-grid\" data-id=\"6b269371\" data-element_type=\"widget\" data-e-type=\"widget\" data-settings=\"{&quot;template_id&quot;:7865,&quot;row_gap&quot;:{&quot;unit&quot;:&quot;em&quot;,&quot;size&quot;:1,&quot;sizes&quot;:[]},&quot;row_gap_tablet&quot;:{&quot;unit&quot;:&quot;em&quot;,&quot;size&quot;:&quot;&quot;,&quot;sizes&quot;:[]},&quot;row_gap_mobile&quot;:{&quot;unit&quot;:&quot;em&quot;,&quot;size&quot;:&quot;&quot;,&quot;sizes&quot;:[]},&quot;_skin&quot;:&quot;post&quot;,&quot;columns&quot;:&quot;3&quot;,&quot;columns_tablet&quot;:&quot;2&quot;,&quot;columns_mobile&quot;:&quot;1&quot;,&quot;edit_handle_selector&quot;:&quot;[data-elementor-type=\\&quot;loop-item\\&quot;]&quot;}\" data-widget_type=\"loop-grid.post\">\n\t\t\t\t<div class=\"elementor-widget-container\">\n\t\t\t\t\t\t\t<div class=\"elementor-loop-container elementor-grid\" role=\"list\">\n\t\t<style id=\"loop-7865\">.elementor-7865 .elementor-element.elementor-element-289b3f5{--display:flex;--min-height:6em;--justify-content:center;--align-items:center;--container-widget-width:calc( ( 1 - var( --container-widget-flex-grow ) ) * 100% );--background-transition:0.3s;--overlay-opacity:0.5;}.elementor-7865 .elementor-element.elementor-element-289b3f5:hover{background-color:var( --e-global-color-primary );}.elementor-7865 .elementor-element.elementor-element-289b3f5::before, .elementor-7865 .elementor-element.elementor-element-289b3f5 > .elementor-background-video-container::before, .elementor-7865 .elementor-element.elementor-element-289b3f5 > .e-con-inner > .elementor-background-video-container::before, .elementor-7865 .elementor-element.elementor-element-289b3f5 > .elementor-background-slideshow::before, .elementor-7865 .elementor-element.elementor-element-289b3f5 > .e-con-inner > .elementor-background-slideshow::before, .elementor-7865 .elementor-element.elementor-element-289b3f5 > .elementor-motion-effects-container > .elementor-motion-effects-layer::before{--background-overlay:'';background-color:var( --e-global-color-secondary );}.elementor-widget-theme-page-title .elementor-heading-title{font-family:var( --e-global-typography-primary-font-family ), Sans-serif;font-weight:var( --e-global-typography-primary-font-weight );color:var( --e-global-color-primary );}.elementor-7865 .elementor-element.elementor-element-d84324a{text-align:center;padding:0em 0em 0em 0em;}.elementor-7865 .elementor-element.elementor-element-d84324a .elementor-heading-title{font-family:var( --e-global-typography-accent-font-family ), Sans-serif;font-weight:var( --e-global-typography-accent-font-weight );-webkit-text-stroke-color:#000;stroke:#000;color:var( --e-global-color-text );}<\/style>\t\t<div data-elementor-type=\"loop-item\" data-elementor-id=\"7865\" class=\"elementor elementor-7865 elementor-6381 e-loop-item e-loop-item-10397 post-10397 page type-page status-publish hentry\" data-elementor-post-type=\"elementor_library\" data-custom-edit-handle=\"1\">\n\t\t\t<a class=\"elementor-element elementor-element-289b3f5 e-flex e-con-boxed e-con e-parent\" data-id=\"289b3f5\" data-element_type=\"container\" data-e-type=\"container\" href=\"https:\/\/fss.cat\/es\/canal-intern-informatiu\/\">\n\t\t\t\t\t<div class=\"e-con-inner\">\n\t\t\t\t\t<\/div>\n\t\t\t\t<\/a>\n\t\t\t\t<\/div>\n\t\t\t\t<div data-elementor-type=\"loop-item\" data-elementor-id=\"7865\" class=\"elementor elementor-7865 elementor-6381 e-loop-item e-loop-item-10040 post-10040 page type-page status-publish has-post-thumbnail hentry\" data-elementor-post-type=\"elementor_library\" data-custom-edit-handle=\"1\">\n\t\t\t<a class=\"elementor-element elementor-element-289b3f5 e-flex e-con-boxed e-con e-parent\" data-id=\"289b3f5\" data-element_type=\"container\" data-e-type=\"container\" href=\"https:\/\/fss.cat\/es\/serveis-funeraris\/el-cami\/\">\n\t\t\t\t\t<div class=\"e-con-inner\">\n\t\t\t\t\t<\/div>\n\t\t\t\t<\/a>\n\t\t\t\t<\/div>\n\t\t\t\t<div data-elementor-type=\"loop-item\" data-elementor-id=\"7865\" class=\"elementor elementor-7865 elementor-6381 e-loop-item e-loop-item-9207 post-9207 page type-page status-publish hentry\" data-elementor-post-type=\"elementor_library\" data-custom-edit-handle=\"1\">\n\t\t\t<a class=\"elementor-element elementor-element-289b3f5 e-flex e-con-boxed e-con e-parent\" data-id=\"289b3f5\" data-element_type=\"container\" data-e-type=\"container\" href=\"https:\/\/fss.cat\/es\/agenda\/\">\n\t\t\t\t\t<div class=\"e-con-inner\">\n\t\t\t\t\t<\/div>\n\t\t\t\t<\/a>\n\t\t\t\t<\/div>\n\t\t\t\t<div data-elementor-type=\"loop-item\" data-elementor-id=\"7865\" class=\"elementor elementor-7865 elementor-6381 e-loop-item e-loop-item-8917 post-8917 page type-page status-publish hentry\" data-elementor-post-type=\"elementor_library\" data-custom-edit-handle=\"1\">\n\t\t\t<a class=\"elementor-element elementor-element-289b3f5 e-flex e-con-boxed e-con e-parent\" data-id=\"289b3f5\" data-element_type=\"container\" data-e-type=\"container\" href=\"https:\/\/fss.cat\/es\/politica-de-cookies-ue\/\">\n\t\t\t\t\t<div class=\"e-con-inner\">\n\t\t\t\t\t<\/div>\n\t\t\t\t<\/a>\n\t\t\t\t<\/div>\n\t\t\t\t<div data-elementor-type=\"loop-item\" data-elementor-id=\"7865\" class=\"elementor elementor-7865 elementor-6381 e-loop-item e-loop-item-8536 post-8536 page type-page status-publish hentry\" data-elementor-post-type=\"elementor_library\" data-custom-edit-handle=\"1\">\n\t\t\t<a class=\"elementor-element elementor-element-289b3f5 e-flex e-con-boxed e-con e-parent\" data-id=\"289b3f5\" data-element_type=\"container\" data-e-type=\"container\" href=\"https:\/\/fss.cat\/es\/condiciones-de-uso\/\">\n\t\t\t\t\t<div class=\"e-con-inner\">\n\t\t\t\t\t<\/div>\n\t\t\t\t<\/a>\n\t\t\t\t<\/div>\n\t\t\t\t<div data-elementor-type=\"loop-item\" data-elementor-id=\"7865\" class=\"elementor elementor-7865 elementor-6381 e-loop-item e-loop-item-8528 post-8528 page type-page status-publish has-post-thumbnail hentry\" data-elementor-post-type=\"elementor_library\" data-custom-edit-handle=\"1\">\n\t\t\t<a class=\"elementor-element elementor-element-289b3f5 e-flex e-con-boxed e-con e-parent\" data-id=\"289b3f5\" data-element_type=\"container\" data-e-type=\"container\" href=\"https:\/\/fss.cat\/es\/servicios-comunitarios\/\">\n\t\t\t\t\t<div class=\"e-con-inner\">\n\t\t\t\t\t<\/div>\n\t\t\t\t<\/a>\n\t\t\t\t<\/div>\n\t\t\t\t<div data-elementor-type=\"loop-item\" data-elementor-id=\"7865\" class=\"elementor elementor-7865 elementor-6381 e-loop-item e-loop-item-7675 post-7675 page type-page status-publish hentry\" data-elementor-post-type=\"elementor_library\" data-custom-edit-handle=\"1\">\n\t\t\t<a class=\"elementor-element elementor-element-289b3f5 e-flex e-con-boxed e-con e-parent\" data-id=\"289b3f5\" data-element_type=\"container\" data-e-type=\"container\" href=\"https:\/\/fss.cat\/es\/tienda\/\">\n\t\t\t\t\t<div class=\"e-con-inner\">\n\t\t\t\t\t<\/div>\n\t\t\t\t<\/a>\n\t\t\t\t<\/div>\n\t\t\t\t<div data-elementor-type=\"loop-item\" data-elementor-id=\"7865\" class=\"elementor elementor-7865 elementor-6381 e-loop-item e-loop-item-7678 post-7678 page type-page status-publish hentry\" data-elementor-post-type=\"elementor_library\" data-custom-edit-handle=\"1\">\n\t\t\t<a class=\"elementor-element elementor-element-289b3f5 e-flex e-con-boxed e-con e-parent\" data-id=\"289b3f5\" data-element_type=\"container\" data-e-type=\"container\" href=\"https:\/\/fss.cat\/es\/mi-cuenta\/\">\n\t\t\t\t\t<div class=\"e-con-inner\">\n\t\t\t\t\t<\/div>\n\t\t\t\t<\/a>\n\t\t\t\t<\/div>\n\t\t\t\t<div data-elementor-type=\"loop-item\" data-elementor-id=\"7865\" class=\"elementor elementor-7865 elementor-6381 e-loop-item e-loop-item-7677 post-7677 page type-page status-publish hentry\" data-elementor-post-type=\"elementor_library\" data-custom-edit-handle=\"1\">\n\t\t\t<a class=\"elementor-element elementor-element-289b3f5 e-flex e-con-boxed e-con e-parent\" data-id=\"289b3f5\" data-element_type=\"container\" data-e-type=\"container\" href=\"https:\/\/fss.cat\/es\/finalizar-compra\/\">\n\t\t\t\t\t<div class=\"e-con-inner\">\n\t\t\t\t\t<\/div>\n\t\t\t\t<\/a>\n\t\t\t\t<\/div>\n\t\t\t\t<div data-elementor-type=\"loop-item\" data-elementor-id=\"7865\" class=\"elementor elementor-7865 elementor-6381 e-loop-item e-loop-item-7676 post-7676 page type-page status-publish hentry\" data-elementor-post-type=\"elementor_library\" data-custom-edit-handle=\"1\">\n\t\t\t<a class=\"elementor-element elementor-element-289b3f5 e-flex e-con-boxed e-con e-parent\" data-id=\"289b3f5\" data-element_type=\"container\" data-e-type=\"container\" href=\"https:\/\/fss.cat\/es\/carrito\/\">\n\t\t\t\t\t<div class=\"e-con-inner\">\n\t\t\t\t\t<\/div>\n\t\t\t\t<\/a>\n\t\t\t\t<\/div>\n\t\t\t\t<div data-elementor-type=\"loop-item\" data-elementor-id=\"7865\" class=\"elementor elementor-7865 elementor-6381 e-loop-item e-loop-item-7839 post-7839 page type-page status-publish hentry\" data-elementor-post-type=\"elementor_library\" data-custom-edit-handle=\"1\">\n\t\t\t<a class=\"elementor-element elementor-element-289b3f5 e-flex e-con-boxed e-con e-parent\" data-id=\"289b3f5\" data-element_type=\"container\" data-e-type=\"container\" href=\"https:\/\/fss.cat\/es\/aviso-legal\/\">\n\t\t\t\t\t<div class=\"e-con-inner\">\n\t\t\t\t\t<\/div>\n\t\t\t\t<\/a>\n\t\t\t\t<\/div>\n\t\t\t\t<div data-elementor-type=\"loop-item\" data-elementor-id=\"7865\" class=\"elementor elementor-7865 elementor-6381 e-loop-item e-loop-item-8538 post-8538 page type-page status-publish hentry\" data-elementor-post-type=\"elementor_library\" data-custom-edit-handle=\"1\">\n\t\t\t<a class=\"elementor-element elementor-element-289b3f5 e-flex e-con-boxed e-con e-parent\" data-id=\"289b3f5\" data-element_type=\"container\" data-e-type=\"container\" href=\"https:\/\/fss.cat\/es\/como-colaborar\/hagase-voluntario\/\">\n\t\t\t\t\t<div class=\"e-con-inner\">\n\t\t\t\t\t<\/div>\n\t\t\t\t<\/a>\n\t\t\t\t<\/div>\n\t\t\t\t<div data-elementor-type=\"loop-item\" data-elementor-id=\"7865\" class=\"elementor elementor-7865 elementor-6381 e-loop-item e-loop-item-8527 post-8527 page type-page status-publish hentry\" data-elementor-post-type=\"elementor_library\" data-custom-edit-handle=\"1\">\n\t\t\t<a class=\"elementor-element elementor-element-289b3f5 e-flex e-con-boxed e-con e-parent\" data-id=\"289b3f5\" data-element_type=\"container\" data-e-type=\"container\" href=\"https:\/\/fss.cat\/es\/como-colaborar\/trabaje-con-nosotros\/\">\n\t\t\t\t\t<div class=\"e-con-inner\">\n\t\t\t\t\t<\/div>\n\t\t\t\t<\/a>\n\t\t\t\t<\/div>\n\t\t\t\t<div data-elementor-type=\"loop-item\" data-elementor-id=\"7865\" class=\"elementor elementor-7865 elementor-6381 e-loop-item e-loop-item-8540 post-8540 page type-page status-publish hentry\" data-elementor-post-type=\"elementor_library\" data-custom-edit-handle=\"1\">\n\t\t\t<a class=\"elementor-element elementor-element-289b3f5 e-flex e-con-boxed e-con e-parent\" data-id=\"289b3f5\" data-element_type=\"container\" data-e-type=\"container\" href=\"https:\/\/fss.cat\/es\/como-colaborar\/haga-un-donativo\/\">\n\t\t\t\t\t<div class=\"e-con-inner\">\n\t\t\t\t\t<\/div>\n\t\t\t\t<\/a>\n\t\t\t\t<\/div>\n\t\t\t\t<div data-elementor-type=\"loop-item\" data-elementor-id=\"7865\" class=\"elementor elementor-7865 elementor-6381 e-loop-item e-loop-item-8529 post-8529 page type-page status-publish hentry\" data-elementor-post-type=\"elementor_library\" data-custom-edit-handle=\"1\">\n\t\t\t<a class=\"elementor-element elementor-element-289b3f5 e-flex e-con-boxed e-con e-parent\" data-id=\"289b3f5\" data-element_type=\"container\" data-e-type=\"container\" href=\"https:\/\/fss.cat\/es\/como-colaborar\/\">\n\t\t\t\t\t<div class=\"e-con-inner\">\n\t\t\t\t\t<\/div>\n\t\t\t\t<\/a>\n\t\t\t\t<\/div>\n\t\t\t\t<div data-elementor-type=\"loop-item\" data-elementor-id=\"7865\" class=\"elementor elementor-7865 elementor-6381 e-loop-item e-loop-item-7812 post-7812 page type-page status-publish hentry\" data-elementor-post-type=\"elementor_library\" data-custom-edit-handle=\"1\">\n\t\t\t<a class=\"elementor-element elementor-element-289b3f5 e-flex e-con-boxed e-con e-parent\" data-id=\"289b3f5\" data-element_type=\"container\" data-e-type=\"container\" href=\"https:\/\/fss.cat\/es\/contactar\/\">\n\t\t\t\t\t<div class=\"e-con-inner\">\n\t\t\t\t\t<\/div>\n\t\t\t\t<\/a>\n\t\t\t\t<\/div>\n\t\t\t\t<div data-elementor-type=\"loop-item\" data-elementor-id=\"7865\" class=\"elementor elementor-7865 elementor-6381 e-loop-item e-loop-item-7685 post-7685 page type-page status-publish hentry\" data-elementor-post-type=\"elementor_library\" data-custom-edit-handle=\"1\">\n\t\t\t<a class=\"elementor-element elementor-element-289b3f5 e-flex e-con-boxed e-con e-parent\" data-id=\"289b3f5\" data-element_type=\"container\" data-e-type=\"container\" href=\"https:\/\/fss.cat\/es\/\">\n\t\t\t\t\t<div class=\"e-con-inner\">\n\t\t\t\t\t<\/div>\n\t\t\t\t<\/a>\n\t\t\t\t<\/div>\n\t\t\t\t<div data-elementor-type=\"loop-item\" data-elementor-id=\"7865\" class=\"elementor elementor-7865 elementor-6381 e-loop-item e-loop-item-8534 post-8534 page type-page status-publish has-post-thumbnail hentry\" data-elementor-post-type=\"elementor_library\" data-custom-edit-handle=\"1\">\n\t\t\t<a class=\"elementor-element elementor-element-289b3f5 e-flex e-con-boxed e-con e-parent\" data-id=\"289b3f5\" data-element_type=\"container\" data-e-type=\"container\" href=\"https:\/\/fss.cat\/es\/servicios-funerarios\/atencion-al-duelo\/\">\n\t\t\t\t\t<div class=\"e-con-inner\">\n\t\t\t\t\t<\/div>\n\t\t\t\t<\/a>\n\t\t\t\t<\/div>\n\t\t\t\t<div data-elementor-type=\"loop-item\" data-elementor-id=\"7865\" class=\"elementor elementor-7865 elementor-6381 e-loop-item e-loop-item-8578 post-8578 page type-page status-publish hentry\" data-elementor-post-type=\"elementor_library\" data-custom-edit-handle=\"1\">\n\t\t\t<a class=\"elementor-element elementor-element-289b3f5 e-flex e-con-boxed e-con e-parent\" data-id=\"289b3f5\" data-element_type=\"container\" data-e-type=\"container\" href=\"https:\/\/fss.cat\/es\/servicios-funerarios\/servicios-complementarios\/\">\n\t\t\t\t\t<div class=\"e-con-inner\">\n\t\t\t\t\t<\/div>\n\t\t\t\t<\/a>\n\t\t\t\t<\/div>\n\t\t\t\t<div data-elementor-type=\"loop-item\" data-elementor-id=\"7865\" class=\"elementor elementor-7865 elementor-6381 e-loop-item e-loop-item-7855 post-7855 page type-page status-publish hentry\" data-elementor-post-type=\"elementor_library\" data-custom-edit-handle=\"1\">\n\t\t\t<a class=\"elementor-element elementor-element-289b3f5 e-flex e-con-boxed e-con e-parent\" data-id=\"289b3f5\" data-element_type=\"container\" data-e-type=\"container\" href=\"https:\/\/fss.cat\/es\/servicios-funerarios\/servicios-funerarios-esenciales\/\">\n\t\t\t\t\t<div class=\"e-con-inner\">\n\t\t\t\t\t<\/div>\n\t\t\t\t<\/a>\n\t\t\t\t<\/div>\n\t\t\t\t<div data-elementor-type=\"loop-item\" data-elementor-id=\"7865\" class=\"elementor elementor-7865 elementor-6381 e-loop-item e-loop-item-7847 post-7847 page type-page status-publish has-post-thumbnail hentry\" data-elementor-post-type=\"elementor_library\" data-custom-edit-handle=\"1\">\n\t\t\t<a class=\"elementor-element elementor-element-289b3f5 e-flex e-con-boxed e-con e-parent\" data-id=\"289b3f5\" data-element_type=\"container\" data-e-type=\"container\" href=\"https:\/\/fss.cat\/es\/servicios-funerarios\/en-caso-de-defuncion\/\">\n\t\t\t\t\t<div class=\"e-con-inner\">\n\t\t\t\t\t<\/div>\n\t\t\t\t<\/a>\n\t\t\t\t<\/div>\n\t\t\t\t<div data-elementor-type=\"loop-item\" data-elementor-id=\"7865\" class=\"elementor elementor-7865 elementor-6381 e-loop-item e-loop-item-7857 post-7857 page type-page status-publish has-post-thumbnail hentry\" data-elementor-post-type=\"elementor_library\" data-custom-edit-handle=\"1\">\n\t\t\t<a class=\"elementor-element elementor-element-289b3f5 e-flex e-con-boxed e-con e-parent\" data-id=\"289b3f5\" data-element_type=\"container\" data-e-type=\"container\" href=\"https:\/\/fss.cat\/es\/servicios-funerarios\/el-tanatorio\/\">\n\t\t\t\t\t<div class=\"e-con-inner\">\n\t\t\t\t\t<\/div>\n\t\t\t\t<\/a>\n\t\t\t\t<\/div>\n\t\t\t\t<div data-elementor-type=\"loop-item\" data-elementor-id=\"7865\" class=\"elementor elementor-7865 elementor-6381 e-loop-item e-loop-item-7758 post-7758 page type-page status-publish has-post-thumbnail hentry\" data-elementor-post-type=\"elementor_library\" data-custom-edit-handle=\"1\">\n\t\t\t<a class=\"elementor-element elementor-element-289b3f5 e-flex e-con-boxed e-con e-parent\" data-id=\"289b3f5\" data-element_type=\"container\" data-e-type=\"container\" href=\"https:\/\/fss.cat\/es\/servicios-funerarios\/velatorios\/\">\n\t\t\t\t\t<div class=\"e-con-inner\">\n\t\t\t\t\t<\/div>\n\t\t\t\t<\/a>\n\t\t\t\t<\/div>\n\t\t\t\t<div data-elementor-type=\"loop-item\" data-elementor-id=\"7865\" class=\"elementor elementor-7865 elementor-6381 e-loop-item e-loop-item-8568 post-8568 page type-page status-publish has-post-thumbnail hentry\" data-elementor-post-type=\"elementor_library\" data-custom-edit-handle=\"1\">\n\t\t\t<a class=\"elementor-element elementor-element-289b3f5 e-flex e-con-boxed e-con e-parent\" data-id=\"289b3f5\" data-element_type=\"container\" data-e-type=\"container\" href=\"https:\/\/fss.cat\/es\/servicios-sociosanitarios\/metodologia-de-trabajo\/\">\n\t\t\t\t\t<div class=\"e-con-inner\">\n\t\t\t\t\t<\/div>\n\t\t\t\t<\/a>\n\t\t\t\t<\/div>\n\t\t\t\t<\/div>\n\t\t\n\t\t\t\t\t\t<\/div>\n\t\t\t\t<\/div>\n\t\t\t\t\t<\/div>\n\t\t\t\t<\/div>\n\t\t\t\t<\/div>\n\t\t","protected":false},"excerpt":{"rendered":"<p>Programa de atenci\u00f3n domiciliaria de apoyo a los equipos de atenci\u00f3n social y primaria Dirigido a personas en situaci\u00f3n de fragilidad: enfermedades cr\u00f3nicas complejas o muy avanzadas que necesitan atenci\u00f3n paliativa. Servicio concertado con el Servicio Catal\u00e1n de la Salud Proceso de admisi\u00f3n: el equipo de atenci\u00f3n primaria valora la necesidad y tramita la solicitud. [&hellip;]<\/p>\n","protected":false},"author":1,"featured_media":9389,"parent":7932,"menu_order":3,"comment_status":"closed","ping_status":"closed","template":"","meta":{"_acf_changed":false,"footnotes":""},"class_list":["post-8588","page","type-page","status-publish","has-post-thumbnail","hentry"],"acf":[],"_links":{"self":[{"href":"https:\/\/fss.cat\/es\/wp-json\/wp\/v2\/pages\/8588","targetHints":{"allow":["GET"]}}],"collection":[{"href":"https:\/\/fss.cat\/es\/wp-json\/wp\/v2\/pages"}],"about":[{"href":"https:\/\/fss.cat\/es\/wp-json\/wp\/v2\/types\/page"}],"author":[{"embeddable":true,"href":"https:\/\/fss.cat\/es\/wp-json\/wp\/v2\/users\/1"}],"replies":[{"embeddable":true,"href":"https:\/\/fss.cat\/es\/wp-json\/wp\/v2\/comments?post=8588"}],"version-history":[{"count":0,"href":"https:\/\/fss.cat\/es\/wp-json\/wp\/v2\/pages\/8588\/revisions"}],"up":[{"embeddable":true,"href":"https:\/\/fss.cat\/es\/wp-json\/wp\/v2\/pages\/7932"}],"wp:featuredmedia":[{"embeddable":true,"href":"https:\/\/fss.cat\/es\/wp-json\/wp\/v2\/media\/9389"}],"wp:attachment":[{"href":"https:\/\/fss.cat\/es\/wp-json\/wp\/v2\/media?parent=8588"}],"curies":[{"name":"wp","href":"https:\/\/api.w.org\/{rel}","templated":true}]}}