{"id":8580,"date":"2025-07-03T08:11:59","date_gmt":"2025-07-03T08:11:59","guid":{"rendered":"https:\/\/fss.cat\/la-fundacion\/politica-de-calidad\/"},"modified":"2025-10-03T10:42:03","modified_gmt":"2025-10-03T10:42:03","slug":"politica-de-calidad","status":"publish","type":"page","link":"https:\/\/fss.cat\/es\/la-fundacion\/politica-de-calidad\/","title":{"rendered":"Pol\u00edtica de calidad"},"content":{"rendered":"\t\t<div data-elementor-type=\"wp-page\" data-elementor-id=\"8580\" class=\"elementor elementor-8580 elementor-20\" data-elementor-post-type=\"page\">\n\t\t\t\t<div class=\"elementor-element elementor-element-361eebeb e-flex e-con-boxed e-con e-parent\" data-id=\"361eebeb\" data-element_type=\"container\" data-e-type=\"container\">\n\t\t\t\t\t<div class=\"e-con-inner\">\n\t\t\t\t<div class=\"elementor-element elementor-element-2c4ceb87 elementor-widget elementor-widget-text-editor\" data-id=\"2c4ceb87\" data-element_type=\"widget\" data-e-type=\"widget\" data-widget_type=\"text-editor.default\">\n\t\t\t\t\t\t\t\t\t<p>Esta pol\u00edtica es nuestro compromiso formal con la mejora continua, la transparencia y la excelencia en los servicios para alcanzar nuestra misi\u00f3n como fundaci\u00f3n.<\/p>\t\t\t\t\t\t\t\t<\/div>\n\t\t\t\t\t<\/div>\n\t\t\t\t<\/div>\n\t\t<div class=\"elementor-element elementor-element-813cf10 e-flex e-con-boxed e-con e-parent\" data-id=\"813cf10\" data-element_type=\"container\" data-e-type=\"container\">\n\t\t\t\t\t<div class=\"e-con-inner\">\n\t\t\t\t<div class=\"elementor-element elementor-element-2b4eaf2 elementor-widget elementor-widget-text-editor\" data-id=\"2b4eaf2\" data-element_type=\"widget\" data-e-type=\"widget\" data-widget_type=\"text-editor.default\">\n\t\t\t\t\t\t\t\t\t<p>El patronato y la direcci\u00f3n de la Fundaci\u00f3n Santa Susanna, como responsables finales de la pol\u00edtica de calidad, manifiestan su prop\u00f3sito de implementar y mantener actualizado un sistema de gesti\u00f3n de calidad.<\/p><p>Se compromete a liderar, impulsar y mantener esta pol\u00edtica de calidad asignando los recursos necesarios, dentro de las posibilidades existentes, para el cumplimiento de los objetivos definidos y estableciendo los mecanismos necesarios para canalizar la participaci\u00f3n y la implicaci\u00f3n de todas las personas que integran la organizaci\u00f3n con los siguientes principios:<\/p>\t\t\t\t\t\t\t\t<\/div>\n\t\t\t\t<div class=\"elementor-element elementor-element-9a7a8aa elementor-widget__width-inherit elementor-widget elementor-widget-image\" data-id=\"9a7a8aa\" data-element_type=\"widget\" data-e-type=\"widget\" data-widget_type=\"image.default\">\n\t\t\t\t\t\t\t\t\t\t\t\t\t\t\t<img fetchpriority=\"high\" decoding=\"async\" width=\"768\" height=\"283\" src=\"https:\/\/i0.wp.com\/fss.cat\/wp-content\/uploads\/2025\/07\/iso-9001.webp?fit=768%2C283&amp;ssl=1\" class=\"attachment-medium_large size-medium_large wp-image-7763\" alt=\"\" \/>\t\t\t\t\t\t\t\t\t\t\t\t\t\t\t<\/div>\n\t\t\t\t\t<\/div>\n\t\t\t\t<\/div>\n\t\t<div class=\"elementor-element elementor-element-5530298 e-flex e-con-boxed e-con e-parent\" data-id=\"5530298\" data-element_type=\"container\" data-e-type=\"container\">\n\t\t\t\t\t<div class=\"e-con-inner\">\n\t\t\t\t<div class=\"elementor-element elementor-element-e0c4b0e elementor-widget elementor-widget-text-editor\" data-id=\"e0c4b0e\" data-element_type=\"widget\" data-e-type=\"widget\" data-widget_type=\"text-editor.default\">\n\t\t\t\t\t\t\t\t\t<p>El compromiso del cumplimiento de los requisitos legales y reglamentarios.<br>Disponer de los equipamientos y recursos necesarios para dar la atenci\u00f3n adecuada.<br>Los servicios han de ser de calidad y de buen trato hacia todas las personas, ofreciendo un ambiente seguro, accesible y confortable.<br>Mantener una plantilla con un equipo de profesionales formados y con calidad humana.<br>M\u00e1xima eficiencia y equidad en los procesos optimizando los recursos.<br>Crear medidas para detectar la satisfacci\u00f3n de nuestros clientes con la finalidad de conseguir una continuidad en la calidad del servicio.<br>Promover la participaci\u00f3n y la implicaci\u00f3n de las personas usuarias y sus familias en todo el proceso de atenci\u00f3n.<br>Ser una entidad abierta que promueve la colaboraci\u00f3n con personas y entidades para un enriquecimiento mutuo.<br>Compartir nuestra experiencia y contribuir en el desarrollo de una conciencia comunitaria hacia el envejecimiento activo y saludable repercutiendo en la mejora de la sociedad.<\/p>\t\t\t\t\t\t\t\t<\/div>\n\t\t\t\t\t<\/div>\n\t\t\t\t<\/div>\n\t\t<div class=\"elementor-element elementor-element-4085574 e-flex e-con-boxed e-con e-parent\" data-id=\"4085574\" data-element_type=\"container\" data-e-type=\"container\">\n\t\t\t\t\t<div class=\"e-con-inner\">\n\t\t\t\t<div class=\"elementor-element elementor-element-24bd772 elementor-widget elementor-widget-button\" data-id=\"24bd772\" data-element_type=\"widget\" data-e-type=\"widget\" data-widget_type=\"button.default\">\n\t\t\t\t\t\t\t\t\t\t<a class=\"elementor-button elementor-button-link elementor-size-sm\" href=\"https:\/\/fss.cat\/wp-content\/uploads\/2025\/07\/PE_02_POLITICA-DE-QUALITAT-FSS.pdf\" target=\"_blank\">\n\t\t\t\t\t\t<span class=\"elementor-button-content-wrapper\">\n\t\t\t\t\t\t\t\t\t<span class=\"elementor-button-text\">Descargar pol\u00edtica de calidad (PDF)<\/span>\n\t\t\t\t\t<\/span>\n\t\t\t\t\t<\/a>\n\t\t\t\t\t\t\t\t<\/div>\n\t\t\t\t<div class=\"elementor-element elementor-element-1ba2034 elementor-widget elementor-widget-shortcode\" data-id=\"1ba2034\" data-element_type=\"widget\" data-e-type=\"widget\" data-widget_type=\"shortcode.default\">\n\t\t\t\t\t\t\t<div class=\"elementor-shortcode\"><a href=\"https:\/\/fss.cat\/wp-content\/uploads\/2025\/07\/PE_02_POLITICA-DE-QUALITAT-FSS.pdf\" class=\"pdfemb-viewer\" style=\"\" data-width=\"max\" data-height=\"max\" data-toolbar=\"bottom\" data-toolbar-fixed=\"off\">PE_02_POLITICA-DE-QUALITAT-FSS<\/a><\/div>\n\t\t\t\t\t\t<\/div>\n\t\t\t\t\t<\/div>\n\t\t\t\t<\/div>\n\t\t<div class=\"elementor-element elementor-element-6039b4a9 e-flex e-con-boxed e-con e-parent\" data-id=\"6039b4a9\" data-element_type=\"container\" data-e-type=\"container\">\n\t\t\t\t\t<div class=\"e-con-inner\">\n\t\t\t\t<div class=\"elementor-element elementor-element-5c0e9387 elementor-widget elementor-widget-heading\" data-id=\"5c0e9387\" data-element_type=\"widget\" data-e-type=\"widget\" data-widget_type=\"heading.default\">\n\t\t\t\t\t<h2 class=\"elementor-heading-title elementor-size-default\">Paginas relacionadas<\/h2>\t\t\t\t<\/div>\n\t\t\t\t<div class=\"elementor-element elementor-element-7a25e062 elementor-grid-3 elementor-grid-tablet-2 elementor-grid-mobile-1 elementor-widget elementor-widget-loop-grid\" data-id=\"7a25e062\" data-element_type=\"widget\" data-e-type=\"widget\" data-settings=\"{&quot;template_id&quot;:7865,&quot;row_gap&quot;:{&quot;unit&quot;:&quot;em&quot;,&quot;size&quot;:1,&quot;sizes&quot;:[]},&quot;row_gap_tablet&quot;:{&quot;unit&quot;:&quot;em&quot;,&quot;size&quot;:&quot;&quot;,&quot;sizes&quot;:[]},&quot;row_gap_mobile&quot;:{&quot;unit&quot;:&quot;em&quot;,&quot;size&quot;:&quot;&quot;,&quot;sizes&quot;:[]},&quot;_skin&quot;:&quot;post&quot;,&quot;columns&quot;:&quot;3&quot;,&quot;columns_tablet&quot;:&quot;2&quot;,&quot;columns_mobile&quot;:&quot;1&quot;,&quot;edit_handle_selector&quot;:&quot;[data-elementor-type=\\&quot;loop-item\\&quot;]&quot;}\" data-widget_type=\"loop-grid.post\">\n\t\t\t\t<div class=\"elementor-widget-container\">\n\t\t\t\t\t\t\t<div class=\"elementor-loop-container elementor-grid\" role=\"list\">\n\t\t<style id=\"loop-7865\">.elementor-7865 .elementor-element.elementor-element-289b3f5{--display:flex;--min-height:6em;--justify-content:center;--align-items:center;--container-widget-width:calc( ( 1 - var( --container-widget-flex-grow ) ) * 100% );--background-transition:0.3s;--overlay-opacity:0.5;}.elementor-7865 .elementor-element.elementor-element-289b3f5:hover{background-color:var( --e-global-color-primary );}.elementor-7865 .elementor-element.elementor-element-289b3f5::before, .elementor-7865 .elementor-element.elementor-element-289b3f5 > .elementor-background-video-container::before, .elementor-7865 .elementor-element.elementor-element-289b3f5 > .e-con-inner > .elementor-background-video-container::before, .elementor-7865 .elementor-element.elementor-element-289b3f5 > .elementor-background-slideshow::before, .elementor-7865 .elementor-element.elementor-element-289b3f5 > .e-con-inner > .elementor-background-slideshow::before, .elementor-7865 .elementor-element.elementor-element-289b3f5 > .elementor-motion-effects-container > .elementor-motion-effects-layer::before{--background-overlay:'';background-color:var( --e-global-color-secondary );}.elementor-widget-theme-page-title .elementor-heading-title{font-family:var( --e-global-typography-primary-font-family ), Sans-serif;font-weight:var( --e-global-typography-primary-font-weight );color:var( --e-global-color-primary );}.elementor-7865 .elementor-element.elementor-element-d84324a{text-align:center;padding:0em 0em 0em 0em;}.elementor-7865 .elementor-element.elementor-element-d84324a .elementor-heading-title{font-family:var( --e-global-typography-accent-font-family ), Sans-serif;font-weight:var( --e-global-typography-accent-font-weight );-webkit-text-stroke-color:#000;stroke:#000;color:var( --e-global-color-text );}<\/style>\t\t<div data-elementor-type=\"loop-item\" data-elementor-id=\"7865\" class=\"elementor elementor-7865 elementor-6381 e-loop-item e-loop-item-10397 post-10397 page type-page status-publish hentry\" data-elementor-post-type=\"elementor_library\" data-custom-edit-handle=\"1\">\n\t\t\t<a class=\"elementor-element elementor-element-289b3f5 e-flex e-con-boxed e-con e-parent\" data-id=\"289b3f5\" data-element_type=\"container\" data-e-type=\"container\" href=\"https:\/\/fss.cat\/es\/canal-intern-informatiu\/\">\n\t\t\t\t\t<div class=\"e-con-inner\">\n\t\t\t\t\t<\/div>\n\t\t\t\t<\/a>\n\t\t\t\t<\/div>\n\t\t\t\t<div data-elementor-type=\"loop-item\" data-elementor-id=\"7865\" class=\"elementor elementor-7865 elementor-6381 e-loop-item e-loop-item-10040 post-10040 page type-page status-publish has-post-thumbnail hentry\" data-elementor-post-type=\"elementor_library\" data-custom-edit-handle=\"1\">\n\t\t\t<a class=\"elementor-element elementor-element-289b3f5 e-flex e-con-boxed e-con e-parent\" data-id=\"289b3f5\" data-element_type=\"container\" data-e-type=\"container\" href=\"https:\/\/fss.cat\/es\/serveis-funeraris\/el-cami\/\">\n\t\t\t\t\t<div class=\"e-con-inner\">\n\t\t\t\t\t<\/div>\n\t\t\t\t<\/a>\n\t\t\t\t<\/div>\n\t\t\t\t<div data-elementor-type=\"loop-item\" data-elementor-id=\"7865\" class=\"elementor elementor-7865 elementor-6381 e-loop-item e-loop-item-9207 post-9207 page type-page status-publish hentry\" data-elementor-post-type=\"elementor_library\" data-custom-edit-handle=\"1\">\n\t\t\t<a class=\"elementor-element elementor-element-289b3f5 e-flex e-con-boxed e-con e-parent\" data-id=\"289b3f5\" data-element_type=\"container\" data-e-type=\"container\" href=\"https:\/\/fss.cat\/es\/agenda\/\">\n\t\t\t\t\t<div class=\"e-con-inner\">\n\t\t\t\t\t<\/div>\n\t\t\t\t<\/a>\n\t\t\t\t<\/div>\n\t\t\t\t<div data-elementor-type=\"loop-item\" data-elementor-id=\"7865\" class=\"elementor elementor-7865 elementor-6381 e-loop-item e-loop-item-8917 post-8917 page type-page status-publish hentry\" data-elementor-post-type=\"elementor_library\" data-custom-edit-handle=\"1\">\n\t\t\t<a class=\"elementor-element elementor-element-289b3f5 e-flex e-con-boxed e-con e-parent\" data-id=\"289b3f5\" data-element_type=\"container\" data-e-type=\"container\" href=\"https:\/\/fss.cat\/es\/politica-de-cookies-ue\/\">\n\t\t\t\t\t<div class=\"e-con-inner\">\n\t\t\t\t\t<\/div>\n\t\t\t\t<\/a>\n\t\t\t\t<\/div>\n\t\t\t\t<div data-elementor-type=\"loop-item\" data-elementor-id=\"7865\" class=\"elementor elementor-7865 elementor-6381 e-loop-item e-loop-item-8536 post-8536 page type-page status-publish hentry\" data-elementor-post-type=\"elementor_library\" data-custom-edit-handle=\"1\">\n\t\t\t<a class=\"elementor-element elementor-element-289b3f5 e-flex e-con-boxed e-con e-parent\" data-id=\"289b3f5\" data-element_type=\"container\" data-e-type=\"container\" href=\"https:\/\/fss.cat\/es\/condiciones-de-uso\/\">\n\t\t\t\t\t<div class=\"e-con-inner\">\n\t\t\t\t\t<\/div>\n\t\t\t\t<\/a>\n\t\t\t\t<\/div>\n\t\t\t\t<div data-elementor-type=\"loop-item\" data-elementor-id=\"7865\" class=\"elementor elementor-7865 elementor-6381 e-loop-item e-loop-item-8528 post-8528 page type-page status-publish has-post-thumbnail hentry\" data-elementor-post-type=\"elementor_library\" data-custom-edit-handle=\"1\">\n\t\t\t<a class=\"elementor-element elementor-element-289b3f5 e-flex e-con-boxed e-con e-parent\" data-id=\"289b3f5\" data-element_type=\"container\" data-e-type=\"container\" href=\"https:\/\/fss.cat\/es\/servicios-comunitarios\/\">\n\t\t\t\t\t<div class=\"e-con-inner\">\n\t\t\t\t\t<\/div>\n\t\t\t\t<\/a>\n\t\t\t\t<\/div>\n\t\t\t\t<div data-elementor-type=\"loop-item\" data-elementor-id=\"7865\" class=\"elementor elementor-7865 elementor-6381 e-loop-item e-loop-item-7675 post-7675 page type-page status-publish hentry\" data-elementor-post-type=\"elementor_library\" data-custom-edit-handle=\"1\">\n\t\t\t<a class=\"elementor-element elementor-element-289b3f5 e-flex e-con-boxed e-con e-parent\" data-id=\"289b3f5\" data-element_type=\"container\" data-e-type=\"container\" href=\"https:\/\/fss.cat\/es\/tienda\/\">\n\t\t\t\t\t<div class=\"e-con-inner\">\n\t\t\t\t\t<\/div>\n\t\t\t\t<\/a>\n\t\t\t\t<\/div>\n\t\t\t\t<div data-elementor-type=\"loop-item\" data-elementor-id=\"7865\" class=\"elementor elementor-7865 elementor-6381 e-loop-item e-loop-item-7678 post-7678 page type-page status-publish hentry\" data-elementor-post-type=\"elementor_library\" data-custom-edit-handle=\"1\">\n\t\t\t<a class=\"elementor-element elementor-element-289b3f5 e-flex e-con-boxed e-con e-parent\" data-id=\"289b3f5\" data-element_type=\"container\" data-e-type=\"container\" href=\"https:\/\/fss.cat\/es\/mi-cuenta\/\">\n\t\t\t\t\t<div class=\"e-con-inner\">\n\t\t\t\t\t<\/div>\n\t\t\t\t<\/a>\n\t\t\t\t<\/div>\n\t\t\t\t<div data-elementor-type=\"loop-item\" data-elementor-id=\"7865\" class=\"elementor elementor-7865 elementor-6381 e-loop-item e-loop-item-7677 post-7677 page type-page status-publish hentry\" data-elementor-post-type=\"elementor_library\" data-custom-edit-handle=\"1\">\n\t\t\t<a class=\"elementor-element elementor-element-289b3f5 e-flex e-con-boxed e-con e-parent\" data-id=\"289b3f5\" data-element_type=\"container\" data-e-type=\"container\" href=\"https:\/\/fss.cat\/es\/finalizar-compra\/\">\n\t\t\t\t\t<div class=\"e-con-inner\">\n\t\t\t\t\t<\/div>\n\t\t\t\t<\/a>\n\t\t\t\t<\/div>\n\t\t\t\t<div data-elementor-type=\"loop-item\" data-elementor-id=\"7865\" class=\"elementor elementor-7865 elementor-6381 e-loop-item e-loop-item-7676 post-7676 page type-page status-publish hentry\" data-elementor-post-type=\"elementor_library\" data-custom-edit-handle=\"1\">\n\t\t\t<a class=\"elementor-element elementor-element-289b3f5 e-flex e-con-boxed e-con e-parent\" data-id=\"289b3f5\" data-element_type=\"container\" data-e-type=\"container\" href=\"https:\/\/fss.cat\/es\/carrito\/\">\n\t\t\t\t\t<div class=\"e-con-inner\">\n\t\t\t\t\t<\/div>\n\t\t\t\t<\/a>\n\t\t\t\t<\/div>\n\t\t\t\t<div data-elementor-type=\"loop-item\" data-elementor-id=\"7865\" class=\"elementor elementor-7865 elementor-6381 e-loop-item e-loop-item-7839 post-7839 page type-page status-publish hentry\" data-elementor-post-type=\"elementor_library\" data-custom-edit-handle=\"1\">\n\t\t\t<a class=\"elementor-element elementor-element-289b3f5 e-flex e-con-boxed e-con e-parent\" data-id=\"289b3f5\" data-element_type=\"container\" data-e-type=\"container\" href=\"https:\/\/fss.cat\/es\/aviso-legal\/\">\n\t\t\t\t\t<div class=\"e-con-inner\">\n\t\t\t\t\t<\/div>\n\t\t\t\t<\/a>\n\t\t\t\t<\/div>\n\t\t\t\t<div data-elementor-type=\"loop-item\" data-elementor-id=\"7865\" class=\"elementor elementor-7865 elementor-6381 e-loop-item e-loop-item-8538 post-8538 page type-page status-publish hentry\" data-elementor-post-type=\"elementor_library\" data-custom-edit-handle=\"1\">\n\t\t\t<a class=\"elementor-element elementor-element-289b3f5 e-flex e-con-boxed e-con e-parent\" data-id=\"289b3f5\" data-element_type=\"container\" data-e-type=\"container\" href=\"https:\/\/fss.cat\/es\/como-colaborar\/hagase-voluntario\/\">\n\t\t\t\t\t<div class=\"e-con-inner\">\n\t\t\t\t\t<\/div>\n\t\t\t\t<\/a>\n\t\t\t\t<\/div>\n\t\t\t\t<div data-elementor-type=\"loop-item\" data-elementor-id=\"7865\" class=\"elementor elementor-7865 elementor-6381 e-loop-item e-loop-item-8527 post-8527 page type-page status-publish hentry\" data-elementor-post-type=\"elementor_library\" data-custom-edit-handle=\"1\">\n\t\t\t<a class=\"elementor-element elementor-element-289b3f5 e-flex e-con-boxed e-con e-parent\" data-id=\"289b3f5\" data-element_type=\"container\" data-e-type=\"container\" href=\"https:\/\/fss.cat\/es\/como-colaborar\/trabaje-con-nosotros\/\">\n\t\t\t\t\t<div class=\"e-con-inner\">\n\t\t\t\t\t<\/div>\n\t\t\t\t<\/a>\n\t\t\t\t<\/div>\n\t\t\t\t<div data-elementor-type=\"loop-item\" data-elementor-id=\"7865\" class=\"elementor elementor-7865 elementor-6381 e-loop-item e-loop-item-8540 post-8540 page type-page status-publish hentry\" data-elementor-post-type=\"elementor_library\" data-custom-edit-handle=\"1\">\n\t\t\t<a class=\"elementor-element elementor-element-289b3f5 e-flex e-con-boxed e-con e-parent\" data-id=\"289b3f5\" data-element_type=\"container\" data-e-type=\"container\" href=\"https:\/\/fss.cat\/es\/como-colaborar\/haga-un-donativo\/\">\n\t\t\t\t\t<div class=\"e-con-inner\">\n\t\t\t\t\t<\/div>\n\t\t\t\t<\/a>\n\t\t\t\t<\/div>\n\t\t\t\t<div data-elementor-type=\"loop-item\" data-elementor-id=\"7865\" class=\"elementor elementor-7865 elementor-6381 e-loop-item e-loop-item-8529 post-8529 page type-page status-publish hentry\" data-elementor-post-type=\"elementor_library\" data-custom-edit-handle=\"1\">\n\t\t\t<a class=\"elementor-element elementor-element-289b3f5 e-flex e-con-boxed e-con e-parent\" data-id=\"289b3f5\" data-element_type=\"container\" data-e-type=\"container\" href=\"https:\/\/fss.cat\/es\/como-colaborar\/\">\n\t\t\t\t\t<div class=\"e-con-inner\">\n\t\t\t\t\t<\/div>\n\t\t\t\t<\/a>\n\t\t\t\t<\/div>\n\t\t\t\t<div data-elementor-type=\"loop-item\" data-elementor-id=\"7865\" class=\"elementor elementor-7865 elementor-6381 e-loop-item e-loop-item-7812 post-7812 page type-page status-publish hentry\" data-elementor-post-type=\"elementor_library\" data-custom-edit-handle=\"1\">\n\t\t\t<a class=\"elementor-element elementor-element-289b3f5 e-flex e-con-boxed e-con e-parent\" data-id=\"289b3f5\" data-element_type=\"container\" data-e-type=\"container\" href=\"https:\/\/fss.cat\/es\/contactar\/\">\n\t\t\t\t\t<div class=\"e-con-inner\">\n\t\t\t\t\t<\/div>\n\t\t\t\t<\/a>\n\t\t\t\t<\/div>\n\t\t\t\t<div data-elementor-type=\"loop-item\" data-elementor-id=\"7865\" class=\"elementor elementor-7865 elementor-6381 e-loop-item e-loop-item-7685 post-7685 page type-page status-publish hentry\" data-elementor-post-type=\"elementor_library\" data-custom-edit-handle=\"1\">\n\t\t\t<a class=\"elementor-element elementor-element-289b3f5 e-flex e-con-boxed e-con e-parent\" data-id=\"289b3f5\" data-element_type=\"container\" data-e-type=\"container\" href=\"https:\/\/fss.cat\/es\/\">\n\t\t\t\t\t<div class=\"e-con-inner\">\n\t\t\t\t\t<\/div>\n\t\t\t\t<\/a>\n\t\t\t\t<\/div>\n\t\t\t\t<div data-elementor-type=\"loop-item\" data-elementor-id=\"7865\" class=\"elementor elementor-7865 elementor-6381 e-loop-item e-loop-item-8534 post-8534 page type-page status-publish has-post-thumbnail hentry\" data-elementor-post-type=\"elementor_library\" data-custom-edit-handle=\"1\">\n\t\t\t<a class=\"elementor-element elementor-element-289b3f5 e-flex e-con-boxed e-con e-parent\" data-id=\"289b3f5\" data-element_type=\"container\" data-e-type=\"container\" href=\"https:\/\/fss.cat\/es\/servicios-funerarios\/atencion-al-duelo\/\">\n\t\t\t\t\t<div class=\"e-con-inner\">\n\t\t\t\t\t<\/div>\n\t\t\t\t<\/a>\n\t\t\t\t<\/div>\n\t\t\t\t<div data-elementor-type=\"loop-item\" data-elementor-id=\"7865\" class=\"elementor elementor-7865 elementor-6381 e-loop-item e-loop-item-8578 post-8578 page type-page status-publish hentry\" data-elementor-post-type=\"elementor_library\" data-custom-edit-handle=\"1\">\n\t\t\t<a class=\"elementor-element elementor-element-289b3f5 e-flex e-con-boxed e-con e-parent\" data-id=\"289b3f5\" data-element_type=\"container\" data-e-type=\"container\" href=\"https:\/\/fss.cat\/es\/servicios-funerarios\/servicios-complementarios\/\">\n\t\t\t\t\t<div class=\"e-con-inner\">\n\t\t\t\t\t<\/div>\n\t\t\t\t<\/a>\n\t\t\t\t<\/div>\n\t\t\t\t<div data-elementor-type=\"loop-item\" data-elementor-id=\"7865\" class=\"elementor elementor-7865 elementor-6381 e-loop-item e-loop-item-7855 post-7855 page type-page status-publish hentry\" data-elementor-post-type=\"elementor_library\" data-custom-edit-handle=\"1\">\n\t\t\t<a class=\"elementor-element elementor-element-289b3f5 e-flex e-con-boxed e-con e-parent\" data-id=\"289b3f5\" data-element_type=\"container\" data-e-type=\"container\" href=\"https:\/\/fss.cat\/es\/servicios-funerarios\/servicios-funerarios-esenciales\/\">\n\t\t\t\t\t<div class=\"e-con-inner\">\n\t\t\t\t\t<\/div>\n\t\t\t\t<\/a>\n\t\t\t\t<\/div>\n\t\t\t\t<div data-elementor-type=\"loop-item\" data-elementor-id=\"7865\" class=\"elementor elementor-7865 elementor-6381 e-loop-item e-loop-item-7847 post-7847 page type-page status-publish has-post-thumbnail hentry\" data-elementor-post-type=\"elementor_library\" data-custom-edit-handle=\"1\">\n\t\t\t<a class=\"elementor-element elementor-element-289b3f5 e-flex e-con-boxed e-con e-parent\" data-id=\"289b3f5\" data-element_type=\"container\" data-e-type=\"container\" href=\"https:\/\/fss.cat\/es\/servicios-funerarios\/en-caso-de-defuncion\/\">\n\t\t\t\t\t<div class=\"e-con-inner\">\n\t\t\t\t\t<\/div>\n\t\t\t\t<\/a>\n\t\t\t\t<\/div>\n\t\t\t\t<div data-elementor-type=\"loop-item\" data-elementor-id=\"7865\" class=\"elementor elementor-7865 elementor-6381 e-loop-item e-loop-item-7857 post-7857 page type-page status-publish has-post-thumbnail hentry\" data-elementor-post-type=\"elementor_library\" data-custom-edit-handle=\"1\">\n\t\t\t<a class=\"elementor-element elementor-element-289b3f5 e-flex e-con-boxed e-con e-parent\" data-id=\"289b3f5\" data-element_type=\"container\" data-e-type=\"container\" href=\"https:\/\/fss.cat\/es\/servicios-funerarios\/el-tanatorio\/\">\n\t\t\t\t\t<div class=\"e-con-inner\">\n\t\t\t\t\t<\/div>\n\t\t\t\t<\/a>\n\t\t\t\t<\/div>\n\t\t\t\t<div data-elementor-type=\"loop-item\" data-elementor-id=\"7865\" class=\"elementor elementor-7865 elementor-6381 e-loop-item e-loop-item-7758 post-7758 page type-page status-publish has-post-thumbnail hentry\" data-elementor-post-type=\"elementor_library\" data-custom-edit-handle=\"1\">\n\t\t\t<a class=\"elementor-element elementor-element-289b3f5 e-flex e-con-boxed e-con e-parent\" data-id=\"289b3f5\" data-element_type=\"container\" data-e-type=\"container\" href=\"https:\/\/fss.cat\/es\/servicios-funerarios\/velatorios\/\">\n\t\t\t\t\t<div class=\"e-con-inner\">\n\t\t\t\t\t<\/div>\n\t\t\t\t<\/a>\n\t\t\t\t<\/div>\n\t\t\t\t<div data-elementor-type=\"loop-item\" data-elementor-id=\"7865\" class=\"elementor elementor-7865 elementor-6381 e-loop-item e-loop-item-8568 post-8568 page type-page status-publish has-post-thumbnail hentry\" data-elementor-post-type=\"elementor_library\" data-custom-edit-handle=\"1\">\n\t\t\t<a class=\"elementor-element elementor-element-289b3f5 e-flex e-con-boxed e-con e-parent\" data-id=\"289b3f5\" data-element_type=\"container\" data-e-type=\"container\" href=\"https:\/\/fss.cat\/es\/servicios-sociosanitarios\/metodologia-de-trabajo\/\">\n\t\t\t\t\t<div class=\"e-con-inner\">\n\t\t\t\t\t<\/div>\n\t\t\t\t<\/a>\n\t\t\t\t<\/div>\n\t\t\t\t<\/div>\n\t\t\n\t\t\t\t\t\t<\/div>\n\t\t\t\t<\/div>\n\t\t\t\t\t<\/div>\n\t\t\t\t<\/div>\n\t\t\t\t<\/div>\n\t\t","protected":false},"excerpt":{"rendered":"<p>Esta pol\u00edtica es nuestro compromiso formal con la mejora continua, la transparencia y la excelencia en los servicios para alcanzar nuestra misi\u00f3n como fundaci\u00f3n. El patronato y la direcci\u00f3n de la Fundaci\u00f3n Santa Susanna, como responsables finales de la pol\u00edtica de calidad, manifiestan su prop\u00f3sito de implementar y mantener actualizado un sistema de gesti\u00f3n de [&hellip;]<\/p>\n","protected":false},"author":1,"featured_media":8581,"parent":8551,"menu_order":4,"comment_status":"closed","ping_status":"closed","template":"","meta":{"_acf_changed":false,"footnotes":""},"class_list":["post-8580","page","type-page","status-publish","has-post-thumbnail","hentry"],"acf":[],"_links":{"self":[{"href":"https:\/\/fss.cat\/es\/wp-json\/wp\/v2\/pages\/8580","targetHints":{"allow":["GET"]}}],"collection":[{"href":"https:\/\/fss.cat\/es\/wp-json\/wp\/v2\/pages"}],"about":[{"href":"https:\/\/fss.cat\/es\/wp-json\/wp\/v2\/types\/page"}],"author":[{"embeddable":true,"href":"https:\/\/fss.cat\/es\/wp-json\/wp\/v2\/users\/1"}],"replies":[{"embeddable":true,"href":"https:\/\/fss.cat\/es\/wp-json\/wp\/v2\/comments?post=8580"}],"version-history":[{"count":0,"href":"https:\/\/fss.cat\/es\/wp-json\/wp\/v2\/pages\/8580\/revisions"}],"up":[{"embeddable":true,"href":"https:\/\/fss.cat\/es\/wp-json\/wp\/v2\/pages\/8551"}],"wp:featuredmedia":[{"embeddable":true,"href":"https:\/\/fss.cat\/es\/wp-json\/wp\/v2\/media\/8581"}],"wp:attachment":[{"href":"https:\/\/fss.cat\/es\/wp-json\/wp\/v2\/media?parent=8580"}],"curies":[{"name":"wp","href":"https:\/\/api.w.org\/{rel}","templated":true}]}}