{"id":8550,"date":"2025-07-03T08:11:01","date_gmt":"2025-07-03T08:11:01","guid":{"rendered":"https:\/\/fss.cat\/estatutos\/"},"modified":"2025-10-03T10:41:39","modified_gmt":"2025-10-03T10:41:39","slug":"estatutos","status":"publish","type":"page","link":"https:\/\/fss.cat\/es\/la-fundacion\/estatutos\/","title":{"rendered":"Estatutos"},"content":{"rendered":"\t\t<div data-elementor-type=\"wp-page\" data-elementor-id=\"8550\" class=\"elementor elementor-8550 elementor-14\" data-elementor-post-type=\"page\">\n\t\t\t\t<div class=\"elementor-element elementor-element-375be05a e-flex e-con-boxed e-con e-parent\" data-id=\"375be05a\" data-element_type=\"container\" data-e-type=\"container\">\n\t\t\t\t\t<div class=\"e-con-inner\">\n\t\t\t\t<div class=\"elementor-element elementor-element-2e4de770 elementor-widget elementor-widget-text-editor\" data-id=\"2e4de770\" data-element_type=\"widget\" data-e-type=\"widget\" data-widget_type=\"text-editor.default\">\n\t\t\t\t\t\t\t\t\t<p>Los estatutos son nuestra gu\u00eda fundacional: definen qui\u00e9nes somos, nuestra finalidad, nuestras actividades, nuestro \u00e1mbito de actuaci\u00f3n, as\u00ed como la estructura y el funcionamiento de la fundaci\u00f3n para garantizar su buen gobierno y transparencia.<\/p>\t\t\t\t\t\t\t\t<\/div>\n\t\t\t\t\t<\/div>\n\t\t\t\t<\/div>\n\t\t<div class=\"elementor-element elementor-element-d6e9006 e-flex e-con-boxed e-con e-parent\" data-id=\"d6e9006\" data-element_type=\"container\" data-e-type=\"container\">\n\t\t\t\t\t<div class=\"e-con-inner\">\n\t\t\t\t<div class=\"elementor-element elementor-element-34dacf8 elementor-widget elementor-widget-button\" data-id=\"34dacf8\" data-element_type=\"widget\" data-e-type=\"widget\" data-widget_type=\"button.default\">\n\t\t\t\t\t\t\t\t\t\t<a class=\"elementor-button elementor-button-link elementor-size-sm\" href=\"https:\/\/fss.cat\/wp-content\/uploads\/2025\/07\/ESTATUTS-FSS.pdf\" target=\"_blank\" rel=\"nofollow\">\n\t\t\t\t\t\t<span class=\"elementor-button-content-wrapper\">\n\t\t\t\t\t\t\t\t\t<span class=\"elementor-button-text\">Descargar estatutos (PDF)<\/span>\n\t\t\t\t\t<\/span>\n\t\t\t\t\t<\/a>\n\t\t\t\t\t\t\t\t<\/div>\n\t\t\t\t<div class=\"elementor-element elementor-element-12fe9a1 elementor-widget elementor-widget-shortcode\" data-id=\"12fe9a1\" data-element_type=\"widget\" data-e-type=\"widget\" data-widget_type=\"shortcode.default\">\n\t\t\t\t\t\t\t<div class=\"elementor-shortcode\"><a href=\"https:\/\/fss.cat\/wp-content\/uploads\/2025\/07\/ESTATUTS-FSS.pdf\" class=\"pdfemb-viewer\" style=\"\" data-width=\"max\" data-height=\"max\" data-toolbar=\"bottom\" data-toolbar-fixed=\"off\">ESTATUTS-FSS<\/a><\/div>\n\t\t\t\t\t\t<\/div>\n\t\t\t\t\t<\/div>\n\t\t\t\t<\/div>\n\t\t<div class=\"elementor-element elementor-element-4b52b855 e-flex e-con-boxed e-con e-parent\" data-id=\"4b52b855\" data-element_type=\"container\" data-e-type=\"container\">\n\t\t\t\t\t<div class=\"e-con-inner\">\n\t\t\t\t<div class=\"elementor-element elementor-element-7a860eb1 elementor-widget elementor-widget-heading\" data-id=\"7a860eb1\" data-element_type=\"widget\" data-e-type=\"widget\" data-widget_type=\"heading.default\">\n\t\t\t\t\t<h2 class=\"elementor-heading-title elementor-size-default\">Paginas relacionadas<\/h2>\t\t\t\t<\/div>\n\t\t\t\t<div class=\"elementor-element elementor-element-5c9c469c elementor-grid-3 elementor-grid-tablet-2 elementor-grid-mobile-1 elementor-widget elementor-widget-loop-grid\" data-id=\"5c9c469c\" data-element_type=\"widget\" data-e-type=\"widget\" data-settings=\"{&quot;template_id&quot;:7865,&quot;row_gap&quot;:{&quot;unit&quot;:&quot;em&quot;,&quot;size&quot;:1,&quot;sizes&quot;:[]},&quot;row_gap_tablet&quot;:{&quot;unit&quot;:&quot;em&quot;,&quot;size&quot;:&quot;&quot;,&quot;sizes&quot;:[]},&quot;row_gap_mobile&quot;:{&quot;unit&quot;:&quot;em&quot;,&quot;size&quot;:&quot;&quot;,&quot;sizes&quot;:[]},&quot;_skin&quot;:&quot;post&quot;,&quot;columns&quot;:&quot;3&quot;,&quot;columns_tablet&quot;:&quot;2&quot;,&quot;columns_mobile&quot;:&quot;1&quot;,&quot;edit_handle_selector&quot;:&quot;[data-elementor-type=\\&quot;loop-item\\&quot;]&quot;}\" data-widget_type=\"loop-grid.post\">\n\t\t\t\t<div class=\"elementor-widget-container\">\n\t\t\t\t\t\t\t<div class=\"elementor-loop-container elementor-grid\" role=\"list\">\n\t\t<style id=\"loop-7865\">.elementor-7865 .elementor-element.elementor-element-289b3f5{--display:flex;--min-height:6em;--justify-content:center;--align-items:center;--container-widget-width:calc( ( 1 - var( --container-widget-flex-grow ) ) * 100% );--background-transition:0.3s;--overlay-opacity:0.5;}.elementor-7865 .elementor-element.elementor-element-289b3f5:hover{background-color:var( --e-global-color-primary );}.elementor-7865 .elementor-element.elementor-element-289b3f5::before, .elementor-7865 .elementor-element.elementor-element-289b3f5 > .elementor-background-video-container::before, .elementor-7865 .elementor-element.elementor-element-289b3f5 > .e-con-inner > .elementor-background-video-container::before, .elementor-7865 .elementor-element.elementor-element-289b3f5 > .elementor-background-slideshow::before, .elementor-7865 .elementor-element.elementor-element-289b3f5 > .e-con-inner > .elementor-background-slideshow::before, .elementor-7865 .elementor-element.elementor-element-289b3f5 > .elementor-motion-effects-container > .elementor-motion-effects-layer::before{--background-overlay:'';background-color:var( --e-global-color-secondary );}.elementor-widget-theme-page-title .elementor-heading-title{font-family:var( --e-global-typography-primary-font-family ), Sans-serif;font-weight:var( --e-global-typography-primary-font-weight );color:var( --e-global-color-primary );}.elementor-7865 .elementor-element.elementor-element-d84324a{text-align:center;padding:0em 0em 0em 0em;}.elementor-7865 .elementor-element.elementor-element-d84324a .elementor-heading-title{font-family:var( --e-global-typography-accent-font-family ), Sans-serif;font-weight:var( --e-global-typography-accent-font-weight );-webkit-text-stroke-color:#000;stroke:#000;color:var( --e-global-color-text );}<\/style>\t\t<div data-elementor-type=\"loop-item\" data-elementor-id=\"7865\" class=\"elementor elementor-7865 elementor-6381 e-loop-item e-loop-item-10397 post-10397 page type-page status-publish hentry\" data-elementor-post-type=\"elementor_library\" data-custom-edit-handle=\"1\">\n\t\t\t<a class=\"elementor-element elementor-element-289b3f5 e-flex e-con-boxed e-con e-parent\" data-id=\"289b3f5\" data-element_type=\"container\" data-e-type=\"container\" href=\"https:\/\/fss.cat\/es\/canal-intern-informatiu\/\">\n\t\t\t\t\t<div class=\"e-con-inner\">\n\t\t\t\t\t<\/div>\n\t\t\t\t<\/a>\n\t\t\t\t<\/div>\n\t\t\t\t<div data-elementor-type=\"loop-item\" data-elementor-id=\"7865\" class=\"elementor elementor-7865 elementor-6381 e-loop-item e-loop-item-10040 post-10040 page type-page status-publish has-post-thumbnail hentry\" data-elementor-post-type=\"elementor_library\" data-custom-edit-handle=\"1\">\n\t\t\t<a class=\"elementor-element elementor-element-289b3f5 e-flex e-con-boxed e-con e-parent\" data-id=\"289b3f5\" data-element_type=\"container\" data-e-type=\"container\" href=\"https:\/\/fss.cat\/es\/serveis-funeraris\/el-cami\/\">\n\t\t\t\t\t<div class=\"e-con-inner\">\n\t\t\t\t\t<\/div>\n\t\t\t\t<\/a>\n\t\t\t\t<\/div>\n\t\t\t\t<div data-elementor-type=\"loop-item\" data-elementor-id=\"7865\" class=\"elementor elementor-7865 elementor-6381 e-loop-item e-loop-item-9207 post-9207 page type-page status-publish hentry\" data-elementor-post-type=\"elementor_library\" data-custom-edit-handle=\"1\">\n\t\t\t<a class=\"elementor-element elementor-element-289b3f5 e-flex e-con-boxed e-con e-parent\" data-id=\"289b3f5\" data-element_type=\"container\" data-e-type=\"container\" href=\"https:\/\/fss.cat\/es\/agenda\/\">\n\t\t\t\t\t<div class=\"e-con-inner\">\n\t\t\t\t\t<\/div>\n\t\t\t\t<\/a>\n\t\t\t\t<\/div>\n\t\t\t\t<div data-elementor-type=\"loop-item\" data-elementor-id=\"7865\" class=\"elementor elementor-7865 elementor-6381 e-loop-item e-loop-item-8917 post-8917 page type-page status-publish hentry\" data-elementor-post-type=\"elementor_library\" data-custom-edit-handle=\"1\">\n\t\t\t<a class=\"elementor-element elementor-element-289b3f5 e-flex e-con-boxed e-con e-parent\" data-id=\"289b3f5\" data-element_type=\"container\" data-e-type=\"container\" href=\"https:\/\/fss.cat\/es\/politica-de-cookies-ue\/\">\n\t\t\t\t\t<div class=\"e-con-inner\">\n\t\t\t\t\t<\/div>\n\t\t\t\t<\/a>\n\t\t\t\t<\/div>\n\t\t\t\t<div data-elementor-type=\"loop-item\" data-elementor-id=\"7865\" class=\"elementor elementor-7865 elementor-6381 e-loop-item e-loop-item-8536 post-8536 page type-page status-publish hentry\" data-elementor-post-type=\"elementor_library\" data-custom-edit-handle=\"1\">\n\t\t\t<a class=\"elementor-element elementor-element-289b3f5 e-flex e-con-boxed e-con e-parent\" data-id=\"289b3f5\" data-element_type=\"container\" data-e-type=\"container\" href=\"https:\/\/fss.cat\/es\/condiciones-de-uso\/\">\n\t\t\t\t\t<div class=\"e-con-inner\">\n\t\t\t\t\t<\/div>\n\t\t\t\t<\/a>\n\t\t\t\t<\/div>\n\t\t\t\t<div data-elementor-type=\"loop-item\" data-elementor-id=\"7865\" class=\"elementor elementor-7865 elementor-6381 e-loop-item e-loop-item-8528 post-8528 page type-page status-publish has-post-thumbnail hentry\" data-elementor-post-type=\"elementor_library\" data-custom-edit-handle=\"1\">\n\t\t\t<a class=\"elementor-element elementor-element-289b3f5 e-flex e-con-boxed e-con e-parent\" data-id=\"289b3f5\" data-element_type=\"container\" data-e-type=\"container\" href=\"https:\/\/fss.cat\/es\/servicios-comunitarios\/\">\n\t\t\t\t\t<div class=\"e-con-inner\">\n\t\t\t\t\t<\/div>\n\t\t\t\t<\/a>\n\t\t\t\t<\/div>\n\t\t\t\t<div data-elementor-type=\"loop-item\" data-elementor-id=\"7865\" class=\"elementor elementor-7865 elementor-6381 e-loop-item e-loop-item-7675 post-7675 page type-page status-publish hentry\" data-elementor-post-type=\"elementor_library\" data-custom-edit-handle=\"1\">\n\t\t\t<a class=\"elementor-element elementor-element-289b3f5 e-flex e-con-boxed e-con e-parent\" data-id=\"289b3f5\" data-element_type=\"container\" data-e-type=\"container\" href=\"https:\/\/fss.cat\/es\/tienda\/\">\n\t\t\t\t\t<div class=\"e-con-inner\">\n\t\t\t\t\t<\/div>\n\t\t\t\t<\/a>\n\t\t\t\t<\/div>\n\t\t\t\t<div data-elementor-type=\"loop-item\" data-elementor-id=\"7865\" class=\"elementor elementor-7865 elementor-6381 e-loop-item e-loop-item-7678 post-7678 page type-page status-publish hentry\" data-elementor-post-type=\"elementor_library\" data-custom-edit-handle=\"1\">\n\t\t\t<a class=\"elementor-element elementor-element-289b3f5 e-flex e-con-boxed e-con e-parent\" data-id=\"289b3f5\" data-element_type=\"container\" data-e-type=\"container\" href=\"https:\/\/fss.cat\/es\/mi-cuenta\/\">\n\t\t\t\t\t<div class=\"e-con-inner\">\n\t\t\t\t\t<\/div>\n\t\t\t\t<\/a>\n\t\t\t\t<\/div>\n\t\t\t\t<div data-elementor-type=\"loop-item\" data-elementor-id=\"7865\" class=\"elementor elementor-7865 elementor-6381 e-loop-item e-loop-item-7677 post-7677 page type-page status-publish hentry\" data-elementor-post-type=\"elementor_library\" data-custom-edit-handle=\"1\">\n\t\t\t<a class=\"elementor-element elementor-element-289b3f5 e-flex e-con-boxed e-con e-parent\" data-id=\"289b3f5\" data-element_type=\"container\" data-e-type=\"container\" href=\"https:\/\/fss.cat\/es\/finalizar-compra\/\">\n\t\t\t\t\t<div class=\"e-con-inner\">\n\t\t\t\t\t<\/div>\n\t\t\t\t<\/a>\n\t\t\t\t<\/div>\n\t\t\t\t<div data-elementor-type=\"loop-item\" data-elementor-id=\"7865\" class=\"elementor elementor-7865 elementor-6381 e-loop-item e-loop-item-7676 post-7676 page type-page status-publish hentry\" data-elementor-post-type=\"elementor_library\" data-custom-edit-handle=\"1\">\n\t\t\t<a class=\"elementor-element elementor-element-289b3f5 e-flex e-con-boxed e-con e-parent\" data-id=\"289b3f5\" data-element_type=\"container\" data-e-type=\"container\" href=\"https:\/\/fss.cat\/es\/carrito\/\">\n\t\t\t\t\t<div class=\"e-con-inner\">\n\t\t\t\t\t<\/div>\n\t\t\t\t<\/a>\n\t\t\t\t<\/div>\n\t\t\t\t<div data-elementor-type=\"loop-item\" data-elementor-id=\"7865\" class=\"elementor elementor-7865 elementor-6381 e-loop-item e-loop-item-7839 post-7839 page type-page status-publish hentry\" data-elementor-post-type=\"elementor_library\" data-custom-edit-handle=\"1\">\n\t\t\t<a class=\"elementor-element elementor-element-289b3f5 e-flex e-con-boxed e-con e-parent\" data-id=\"289b3f5\" data-element_type=\"container\" data-e-type=\"container\" href=\"https:\/\/fss.cat\/es\/aviso-legal\/\">\n\t\t\t\t\t<div class=\"e-con-inner\">\n\t\t\t\t\t<\/div>\n\t\t\t\t<\/a>\n\t\t\t\t<\/div>\n\t\t\t\t<div data-elementor-type=\"loop-item\" data-elementor-id=\"7865\" class=\"elementor elementor-7865 elementor-6381 e-loop-item e-loop-item-8538 post-8538 page type-page status-publish hentry\" data-elementor-post-type=\"elementor_library\" data-custom-edit-handle=\"1\">\n\t\t\t<a class=\"elementor-element elementor-element-289b3f5 e-flex e-con-boxed e-con e-parent\" data-id=\"289b3f5\" data-element_type=\"container\" data-e-type=\"container\" href=\"https:\/\/fss.cat\/es\/como-colaborar\/hagase-voluntario\/\">\n\t\t\t\t\t<div class=\"e-con-inner\">\n\t\t\t\t\t<\/div>\n\t\t\t\t<\/a>\n\t\t\t\t<\/div>\n\t\t\t\t<div data-elementor-type=\"loop-item\" data-elementor-id=\"7865\" class=\"elementor elementor-7865 elementor-6381 e-loop-item e-loop-item-8527 post-8527 page type-page status-publish hentry\" data-elementor-post-type=\"elementor_library\" data-custom-edit-handle=\"1\">\n\t\t\t<a class=\"elementor-element elementor-element-289b3f5 e-flex e-con-boxed e-con e-parent\" data-id=\"289b3f5\" data-element_type=\"container\" data-e-type=\"container\" href=\"https:\/\/fss.cat\/es\/como-colaborar\/trabaje-con-nosotros\/\">\n\t\t\t\t\t<div class=\"e-con-inner\">\n\t\t\t\t\t<\/div>\n\t\t\t\t<\/a>\n\t\t\t\t<\/div>\n\t\t\t\t<div data-elementor-type=\"loop-item\" data-elementor-id=\"7865\" class=\"elementor elementor-7865 elementor-6381 e-loop-item e-loop-item-8540 post-8540 page type-page status-publish hentry\" data-elementor-post-type=\"elementor_library\" data-custom-edit-handle=\"1\">\n\t\t\t<a class=\"elementor-element elementor-element-289b3f5 e-flex e-con-boxed e-con e-parent\" data-id=\"289b3f5\" data-element_type=\"container\" data-e-type=\"container\" href=\"https:\/\/fss.cat\/es\/como-colaborar\/haga-un-donativo\/\">\n\t\t\t\t\t<div class=\"e-con-inner\">\n\t\t\t\t\t<\/div>\n\t\t\t\t<\/a>\n\t\t\t\t<\/div>\n\t\t\t\t<div data-elementor-type=\"loop-item\" data-elementor-id=\"7865\" class=\"elementor elementor-7865 elementor-6381 e-loop-item e-loop-item-8529 post-8529 page type-page status-publish hentry\" data-elementor-post-type=\"elementor_library\" data-custom-edit-handle=\"1\">\n\t\t\t<a class=\"elementor-element elementor-element-289b3f5 e-flex e-con-boxed e-con e-parent\" data-id=\"289b3f5\" data-element_type=\"container\" data-e-type=\"container\" href=\"https:\/\/fss.cat\/es\/como-colaborar\/\">\n\t\t\t\t\t<div class=\"e-con-inner\">\n\t\t\t\t\t<\/div>\n\t\t\t\t<\/a>\n\t\t\t\t<\/div>\n\t\t\t\t<div data-elementor-type=\"loop-item\" data-elementor-id=\"7865\" class=\"elementor elementor-7865 elementor-6381 e-loop-item e-loop-item-7812 post-7812 page type-page status-publish hentry\" data-elementor-post-type=\"elementor_library\" data-custom-edit-handle=\"1\">\n\t\t\t<a class=\"elementor-element elementor-element-289b3f5 e-flex e-con-boxed e-con e-parent\" data-id=\"289b3f5\" data-element_type=\"container\" data-e-type=\"container\" href=\"https:\/\/fss.cat\/es\/contactar\/\">\n\t\t\t\t\t<div class=\"e-con-inner\">\n\t\t\t\t\t<\/div>\n\t\t\t\t<\/a>\n\t\t\t\t<\/div>\n\t\t\t\t<div data-elementor-type=\"loop-item\" data-elementor-id=\"7865\" class=\"elementor elementor-7865 elementor-6381 e-loop-item e-loop-item-7685 post-7685 page type-page status-publish hentry\" data-elementor-post-type=\"elementor_library\" data-custom-edit-handle=\"1\">\n\t\t\t<a class=\"elementor-element elementor-element-289b3f5 e-flex e-con-boxed e-con e-parent\" data-id=\"289b3f5\" data-element_type=\"container\" data-e-type=\"container\" href=\"https:\/\/fss.cat\/es\/\">\n\t\t\t\t\t<div class=\"e-con-inner\">\n\t\t\t\t\t<\/div>\n\t\t\t\t<\/a>\n\t\t\t\t<\/div>\n\t\t\t\t<div data-elementor-type=\"loop-item\" data-elementor-id=\"7865\" class=\"elementor elementor-7865 elementor-6381 e-loop-item e-loop-item-8534 post-8534 page type-page status-publish has-post-thumbnail hentry\" data-elementor-post-type=\"elementor_library\" data-custom-edit-handle=\"1\">\n\t\t\t<a class=\"elementor-element elementor-element-289b3f5 e-flex e-con-boxed e-con e-parent\" data-id=\"289b3f5\" data-element_type=\"container\" data-e-type=\"container\" href=\"https:\/\/fss.cat\/es\/servicios-funerarios\/atencion-al-duelo\/\">\n\t\t\t\t\t<div class=\"e-con-inner\">\n\t\t\t\t\t<\/div>\n\t\t\t\t<\/a>\n\t\t\t\t<\/div>\n\t\t\t\t<div data-elementor-type=\"loop-item\" data-elementor-id=\"7865\" class=\"elementor elementor-7865 elementor-6381 e-loop-item e-loop-item-8578 post-8578 page type-page status-publish hentry\" data-elementor-post-type=\"elementor_library\" data-custom-edit-handle=\"1\">\n\t\t\t<a class=\"elementor-element elementor-element-289b3f5 e-flex e-con-boxed e-con e-parent\" data-id=\"289b3f5\" data-element_type=\"container\" data-e-type=\"container\" href=\"https:\/\/fss.cat\/es\/servicios-funerarios\/servicios-complementarios\/\">\n\t\t\t\t\t<div class=\"e-con-inner\">\n\t\t\t\t\t<\/div>\n\t\t\t\t<\/a>\n\t\t\t\t<\/div>\n\t\t\t\t<div data-elementor-type=\"loop-item\" data-elementor-id=\"7865\" class=\"elementor elementor-7865 elementor-6381 e-loop-item e-loop-item-7855 post-7855 page type-page status-publish hentry\" data-elementor-post-type=\"elementor_library\" data-custom-edit-handle=\"1\">\n\t\t\t<a class=\"elementor-element elementor-element-289b3f5 e-flex e-con-boxed e-con e-parent\" data-id=\"289b3f5\" data-element_type=\"container\" data-e-type=\"container\" href=\"https:\/\/fss.cat\/es\/servicios-funerarios\/servicios-funerarios-esenciales\/\">\n\t\t\t\t\t<div class=\"e-con-inner\">\n\t\t\t\t\t<\/div>\n\t\t\t\t<\/a>\n\t\t\t\t<\/div>\n\t\t\t\t<div data-elementor-type=\"loop-item\" data-elementor-id=\"7865\" class=\"elementor elementor-7865 elementor-6381 e-loop-item e-loop-item-7847 post-7847 page type-page status-publish has-post-thumbnail hentry\" data-elementor-post-type=\"elementor_library\" data-custom-edit-handle=\"1\">\n\t\t\t<a class=\"elementor-element elementor-element-289b3f5 e-flex e-con-boxed e-con e-parent\" data-id=\"289b3f5\" data-element_type=\"container\" data-e-type=\"container\" href=\"https:\/\/fss.cat\/es\/servicios-funerarios\/en-caso-de-defuncion\/\">\n\t\t\t\t\t<div class=\"e-con-inner\">\n\t\t\t\t\t<\/div>\n\t\t\t\t<\/a>\n\t\t\t\t<\/div>\n\t\t\t\t<div data-elementor-type=\"loop-item\" data-elementor-id=\"7865\" class=\"elementor elementor-7865 elementor-6381 e-loop-item e-loop-item-7857 post-7857 page type-page status-publish has-post-thumbnail hentry\" data-elementor-post-type=\"elementor_library\" data-custom-edit-handle=\"1\">\n\t\t\t<a class=\"elementor-element elementor-element-289b3f5 e-flex e-con-boxed e-con e-parent\" data-id=\"289b3f5\" data-element_type=\"container\" data-e-type=\"container\" href=\"https:\/\/fss.cat\/es\/servicios-funerarios\/el-tanatorio\/\">\n\t\t\t\t\t<div class=\"e-con-inner\">\n\t\t\t\t\t<\/div>\n\t\t\t\t<\/a>\n\t\t\t\t<\/div>\n\t\t\t\t<div data-elementor-type=\"loop-item\" data-elementor-id=\"7865\" class=\"elementor elementor-7865 elementor-6381 e-loop-item e-loop-item-7758 post-7758 page type-page status-publish has-post-thumbnail hentry\" data-elementor-post-type=\"elementor_library\" data-custom-edit-handle=\"1\">\n\t\t\t<a class=\"elementor-element elementor-element-289b3f5 e-flex e-con-boxed e-con e-parent\" data-id=\"289b3f5\" data-element_type=\"container\" data-e-type=\"container\" href=\"https:\/\/fss.cat\/es\/servicios-funerarios\/velatorios\/\">\n\t\t\t\t\t<div class=\"e-con-inner\">\n\t\t\t\t\t<\/div>\n\t\t\t\t<\/a>\n\t\t\t\t<\/div>\n\t\t\t\t<div data-elementor-type=\"loop-item\" data-elementor-id=\"7865\" class=\"elementor elementor-7865 elementor-6381 e-loop-item e-loop-item-8568 post-8568 page type-page status-publish has-post-thumbnail hentry\" data-elementor-post-type=\"elementor_library\" data-custom-edit-handle=\"1\">\n\t\t\t<a class=\"elementor-element elementor-element-289b3f5 e-flex e-con-boxed e-con e-parent\" data-id=\"289b3f5\" data-element_type=\"container\" data-e-type=\"container\" href=\"https:\/\/fss.cat\/es\/servicios-sociosanitarios\/metodologia-de-trabajo\/\">\n\t\t\t\t\t<div class=\"e-con-inner\">\n\t\t\t\t\t<\/div>\n\t\t\t\t<\/a>\n\t\t\t\t<\/div>\n\t\t\t\t<\/div>\n\t\t\n\t\t\t\t\t\t<\/div>\n\t\t\t\t<\/div>\n\t\t\t\t\t<\/div>\n\t\t\t\t<\/div>\n\t\t\t\t<\/div>\n\t\t","protected":false},"excerpt":{"rendered":"<p>Los estatutos son nuestra gu\u00eda fundacional: definen qui\u00e9nes somos, nuestra finalidad, nuestras actividades, nuestro \u00e1mbito de actuaci\u00f3n, as\u00ed como la estructura y el funcionamiento de la fundaci\u00f3n para garantizar su buen gobierno y transparencia. Descargar estatutos (PDF) Paginas relacionadas<\/p>\n","protected":false},"author":1,"featured_media":0,"parent":8551,"menu_order":5,"comment_status":"closed","ping_status":"closed","template":"","meta":{"_acf_changed":false,"footnotes":""},"class_list":["post-8550","page","type-page","status-publish","hentry"],"acf":[],"_links":{"self":[{"href":"https:\/\/fss.cat\/es\/wp-json\/wp\/v2\/pages\/8550","targetHints":{"allow":["GET"]}}],"collection":[{"href":"https:\/\/fss.cat\/es\/wp-json\/wp\/v2\/pages"}],"about":[{"href":"https:\/\/fss.cat\/es\/wp-json\/wp\/v2\/types\/page"}],"author":[{"embeddable":true,"href":"https:\/\/fss.cat\/es\/wp-json\/wp\/v2\/users\/1"}],"replies":[{"embeddable":true,"href":"https:\/\/fss.cat\/es\/wp-json\/wp\/v2\/comments?post=8550"}],"version-history":[{"count":0,"href":"https:\/\/fss.cat\/es\/wp-json\/wp\/v2\/pages\/8550\/revisions"}],"up":[{"embeddable":true,"href":"https:\/\/fss.cat\/es\/wp-json\/wp\/v2\/pages\/8551"}],"wp:attachment":[{"href":"https:\/\/fss.cat\/es\/wp-json\/wp\/v2\/media?parent=8550"}],"curies":[{"name":"wp","href":"https:\/\/api.w.org\/{rel}","templated":true}]}}