{"id":8534,"date":"2025-07-03T08:26:50","date_gmt":"2025-07-03T08:26:50","guid":{"rendered":"https:\/\/fss.cat\/servicios-funerarios\/atencion-al-duelo\/"},"modified":"2025-10-03T10:41:25","modified_gmt":"2025-10-03T10:41:25","slug":"atencion-al-duelo","status":"publish","type":"page","link":"https:\/\/fss.cat\/es\/servicios-funerarios\/atencion-al-duelo\/","title":{"rendered":"Atenci\u00f3n al duelo"},"content":{"rendered":"\t\t<div data-elementor-type=\"wp-page\" data-elementor-id=\"8534\" class=\"elementor elementor-8534 elementor-90\" data-elementor-post-type=\"page\">\n\t\t\t\t<div class=\"elementor-element elementor-element-fa583e0 e-flex e-con-boxed e-con e-parent\" data-id=\"fa583e0\" data-element_type=\"container\" data-e-type=\"container\">\n\t\t\t\t\t<div class=\"e-con-inner\">\n\t\t\t\t<div class=\"elementor-element elementor-element-45b91ab4 elementor-widget elementor-widget-text-editor\" data-id=\"45b91ab4\" data-element_type=\"widget\" data-e-type=\"widget\" data-widget_type=\"text-editor.default\">\n\t\t\t\t\t\t\t\t\t<p>La muerte es un hecho vital que requiere un tiempo extraordinario. Por eso ofrecemos un espacio acogedor para hablar de nuestro dolor emocional y compartir nuestra experiencia guiados por profesionales especialistas. <\/p>\t\t\t\t\t\t\t\t<\/div>\n\t\t\t\t\t<\/div>\n\t\t\t\t<\/div>\n\t\t<div class=\"elementor-element elementor-element-7f363702 e-flex e-con-boxed e-con e-parent\" data-id=\"7f363702\" data-element_type=\"container\" data-e-type=\"container\">\n\t\t\t\t\t<div class=\"e-con-inner\">\n\t\t<div class=\"elementor-element elementor-element-65b07d52 e-con-full e-flex e-con e-child\" data-id=\"65b07d52\" data-element_type=\"container\" data-e-type=\"container\">\n\t\t<div class=\"elementor-element elementor-element-205e32ad e-con-full e-flex e-con e-child\" data-id=\"205e32ad\" data-element_type=\"container\" data-e-type=\"container\">\n\t\t\t\t<div class=\"elementor-element elementor-element-d706cc9 elementor-widget elementor-widget-heading\" data-id=\"d706cc9\" data-element_type=\"widget\" data-e-type=\"widget\" data-widget_type=\"heading.default\">\n\t\t\t\t\t<h2 class=\"elementor-heading-title elementor-size-default\">Entrevista de acogida<\/h2>\t\t\t\t<\/div>\n\t\t\t\t<div class=\"elementor-element elementor-element-9045d2d elementor-widget elementor-widget-text-editor\" data-id=\"9045d2d\" data-element_type=\"widget\" data-e-type=\"widget\" data-widget_type=\"text-editor.default\">\n\t\t\t\t\t\t\t\t\t<p>Puede solicitarla cualquier persona que desee recibir una valoraci\u00f3n y orientaci\u00f3n profesional de su situaci\u00f3n. <\/p><p>Esta entrevista es previa a la inclusi\u00f3n en el grupo de apoyo al duelo o a las sesiones particulares de psicoterapia.<\/p>\t\t\t\t\t\t\t\t<\/div>\n\t\t\t\t<\/div>\n\t\t<div class=\"elementor-element elementor-element-eb14a11 e-con-full e-flex e-con e-child\" data-id=\"eb14a11\" data-element_type=\"container\" data-e-type=\"container\">\n\t\t\t\t<div class=\"elementor-element elementor-element-1e976db elementor-widget elementor-widget-heading\" data-id=\"1e976db\" data-element_type=\"widget\" data-e-type=\"widget\" data-widget_type=\"heading.default\">\n\t\t\t\t\t<h2 class=\"elementor-heading-title elementor-size-default\">Psicoterapia individual, en pareja o familiar<\/h2>\t\t\t\t<\/div>\n\t\t\t\t<div class=\"elementor-element elementor-element-725dd4d elementor-widget elementor-widget-text-editor\" data-id=\"725dd4d\" data-element_type=\"widget\" data-e-type=\"widget\" data-widget_type=\"text-editor.default\">\n\t\t\t\t\t\t\t\t\t<p>Sesiones particulares para ayudar atendiendo a las caracter\u00edsticas \u00fanicas de cada persona:<\/p><ul><li>Situaciones de p\u00e9rdida y duelo (persona, enfermedad, divorcio&#8230;)<\/li><li>Necesidad de adaptaci\u00f3n a cambios vitales (menopausia, jubilaci\u00f3n, envejecimiento&#8230;)<\/li><li>Situaciones de crisis y falta de sentido<\/li><li>Elaboraci\u00f3n de heridas emocionales del pasado<\/li><li>Deseo de crecimiento psicol\u00f3gico y espiritual<\/li><\/ul>\t\t\t\t\t\t\t\t<\/div>\n\t\t\t\t<\/div>\n\t\t\t\t<\/div>\n\t\t<div class=\"elementor-element elementor-element-51c2f62 e-con-full e-flex e-con e-child\" data-id=\"51c2f62\" data-element_type=\"container\" data-e-type=\"container\">\n\t\t<div class=\"elementor-element elementor-element-ddfe7a2 e-con-full e-flex e-con e-child\" data-id=\"ddfe7a2\" data-element_type=\"container\" data-e-type=\"container\">\n\t\t\t\t<div class=\"elementor-element elementor-element-71cdeb6 elementor-widget elementor-widget-heading\" data-id=\"71cdeb6\" data-element_type=\"widget\" data-e-type=\"widget\" data-widget_type=\"heading.default\">\n\t\t\t\t\t<h2 class=\"elementor-heading-title elementor-size-default\">Grupo de apoyo al duelo<\/h2>\t\t\t\t<\/div>\n\t\t\t\t<div class=\"elementor-element elementor-element-5552dbf elementor-widget elementor-widget-text-editor\" data-id=\"5552dbf\" data-element_type=\"widget\" data-e-type=\"widget\" data-widget_type=\"text-editor.default\">\n\t\t\t\t\t\t\t\t\t<p>Espacio de encuentro para personas que han perdido a un ser querido. El grupo permite compartir la propia experiencia y encontrar recursos para recuperarse del dolor. <\/p>\t\t\t\t\t\t\t\t<\/div>\n\t\t\t\t<\/div>\n\t\t<div class=\"elementor-element elementor-element-9d0c8d7 e-con-full e-flex e-con e-child\" data-id=\"9d0c8d7\" data-element_type=\"container\" data-e-type=\"container\">\n\t\t\t\t<div class=\"elementor-element elementor-element-ea66324 elementor-widget elementor-widget-heading\" data-id=\"ea66324\" data-element_type=\"widget\" data-e-type=\"widget\" data-widget_type=\"heading.default\">\n\t\t\t\t\t<h2 class=\"elementor-heading-title elementor-size-default\">Ciclo Conversemos sobre el duelo<\/h2>\t\t\t\t<\/div>\n\t\t\t\t<div class=\"elementor-element elementor-element-a30943a elementor-widget elementor-widget-text-editor\" data-id=\"a30943a\" data-element_type=\"widget\" data-e-type=\"widget\" data-widget_type=\"text-editor.default\">\n\t\t\t\t\t\t\t\t\t<p>Espacio de encuentro y reflexi\u00f3n abierto donde, a trav\u00e9s del di\u00e1logo, informaci\u00f3n y debate, se habla de la vida y de la muerte y todo lo que las rodea; es un espacio donde cada uno puede poner palabras a las emociones y encontrar los recursos necesarios a trav\u00e9s de diferentes visiones y miradas.<\/p>\t\t\t\t\t\t\t\t<\/div>\n\t\t\t\t<\/div>\n\t\t\t\t<\/div>\n\t\t\t\t\t<\/div>\n\t\t\t\t<\/div>\n\t\t<div class=\"elementor-element elementor-element-63664c7c e-flex e-con-boxed e-con e-parent\" data-id=\"63664c7c\" data-element_type=\"container\" data-e-type=\"container\">\n\t\t\t\t\t<div class=\"e-con-inner\">\n\t\t\t\t<div class=\"elementor-element elementor-element-5a049fd3 elementor-widget elementor-widget-heading\" data-id=\"5a049fd3\" data-element_type=\"widget\" data-e-type=\"widget\" data-widget_type=\"heading.default\">\n\t\t\t\t\t<h2 class=\"elementor-heading-title elementor-size-default\">Paginas relacionadas<\/h2>\t\t\t\t<\/div>\n\t\t\t\t<div class=\"elementor-element elementor-element-5fcda929 elementor-grid-3 elementor-grid-tablet-2 elementor-grid-mobile-1 elementor-widget elementor-widget-loop-grid\" data-id=\"5fcda929\" data-element_type=\"widget\" data-e-type=\"widget\" data-settings=\"{&quot;template_id&quot;:7865,&quot;row_gap&quot;:{&quot;unit&quot;:&quot;em&quot;,&quot;size&quot;:1,&quot;sizes&quot;:[]},&quot;row_gap_tablet&quot;:{&quot;unit&quot;:&quot;em&quot;,&quot;size&quot;:&quot;&quot;,&quot;sizes&quot;:[]},&quot;row_gap_mobile&quot;:{&quot;unit&quot;:&quot;em&quot;,&quot;size&quot;:&quot;&quot;,&quot;sizes&quot;:[]},&quot;_skin&quot;:&quot;post&quot;,&quot;columns&quot;:&quot;3&quot;,&quot;columns_tablet&quot;:&quot;2&quot;,&quot;columns_mobile&quot;:&quot;1&quot;,&quot;edit_handle_selector&quot;:&quot;[data-elementor-type=\\&quot;loop-item\\&quot;]&quot;}\" data-widget_type=\"loop-grid.post\">\n\t\t\t\t<div class=\"elementor-widget-container\">\n\t\t\t\t\t\t\t<div class=\"elementor-loop-container elementor-grid\" role=\"list\">\n\t\t<style id=\"loop-7865\">.elementor-7865 .elementor-element.elementor-element-289b3f5{--display:flex;--min-height:6em;--justify-content:center;--align-items:center;--container-widget-width:calc( ( 1 - var( --container-widget-flex-grow ) ) * 100% );--background-transition:0.3s;--overlay-opacity:0.5;}.elementor-7865 .elementor-element.elementor-element-289b3f5:hover{background-color:var( --e-global-color-primary );}.elementor-7865 .elementor-element.elementor-element-289b3f5::before, .elementor-7865 .elementor-element.elementor-element-289b3f5 > .elementor-background-video-container::before, .elementor-7865 .elementor-element.elementor-element-289b3f5 > .e-con-inner > .elementor-background-video-container::before, .elementor-7865 .elementor-element.elementor-element-289b3f5 > .elementor-background-slideshow::before, .elementor-7865 .elementor-element.elementor-element-289b3f5 > .e-con-inner > .elementor-background-slideshow::before, .elementor-7865 .elementor-element.elementor-element-289b3f5 > .elementor-motion-effects-container > .elementor-motion-effects-layer::before{--background-overlay:'';background-color:var( --e-global-color-secondary );}.elementor-widget-theme-page-title .elementor-heading-title{font-family:var( --e-global-typography-primary-font-family ), Sans-serif;font-weight:var( --e-global-typography-primary-font-weight );color:var( --e-global-color-primary );}.elementor-7865 .elementor-element.elementor-element-d84324a{text-align:center;padding:0em 0em 0em 0em;}.elementor-7865 .elementor-element.elementor-element-d84324a .elementor-heading-title{font-family:var( --e-global-typography-accent-font-family ), Sans-serif;font-weight:var( --e-global-typography-accent-font-weight );-webkit-text-stroke-color:#000;stroke:#000;color:var( --e-global-color-text );}<\/style>\t\t<div data-elementor-type=\"loop-item\" data-elementor-id=\"7865\" class=\"elementor elementor-7865 elementor-6381 e-loop-item e-loop-item-10397 post-10397 page type-page status-publish hentry\" data-elementor-post-type=\"elementor_library\" data-custom-edit-handle=\"1\">\n\t\t\t<a class=\"elementor-element elementor-element-289b3f5 e-flex e-con-boxed e-con e-parent\" data-id=\"289b3f5\" data-element_type=\"container\" data-e-type=\"container\" href=\"https:\/\/fss.cat\/es\/canal-intern-informatiu\/\">\n\t\t\t\t\t<div class=\"e-con-inner\">\n\t\t\t\t\t<\/div>\n\t\t\t\t<\/a>\n\t\t\t\t<\/div>\n\t\t\t\t<div data-elementor-type=\"loop-item\" data-elementor-id=\"7865\" class=\"elementor elementor-7865 elementor-6381 e-loop-item e-loop-item-10040 post-10040 page type-page status-publish has-post-thumbnail hentry\" data-elementor-post-type=\"elementor_library\" data-custom-edit-handle=\"1\">\n\t\t\t<a class=\"elementor-element elementor-element-289b3f5 e-flex e-con-boxed e-con e-parent\" data-id=\"289b3f5\" data-element_type=\"container\" data-e-type=\"container\" href=\"https:\/\/fss.cat\/es\/serveis-funeraris\/el-cami\/\">\n\t\t\t\t\t<div class=\"e-con-inner\">\n\t\t\t\t\t<\/div>\n\t\t\t\t<\/a>\n\t\t\t\t<\/div>\n\t\t\t\t<div data-elementor-type=\"loop-item\" data-elementor-id=\"7865\" class=\"elementor elementor-7865 elementor-6381 e-loop-item e-loop-item-9207 post-9207 page type-page status-publish hentry\" data-elementor-post-type=\"elementor_library\" data-custom-edit-handle=\"1\">\n\t\t\t<a class=\"elementor-element elementor-element-289b3f5 e-flex e-con-boxed e-con e-parent\" data-id=\"289b3f5\" data-element_type=\"container\" data-e-type=\"container\" href=\"https:\/\/fss.cat\/es\/agenda\/\">\n\t\t\t\t\t<div class=\"e-con-inner\">\n\t\t\t\t\t<\/div>\n\t\t\t\t<\/a>\n\t\t\t\t<\/div>\n\t\t\t\t<div data-elementor-type=\"loop-item\" data-elementor-id=\"7865\" class=\"elementor elementor-7865 elementor-6381 e-loop-item e-loop-item-8917 post-8917 page type-page status-publish hentry\" data-elementor-post-type=\"elementor_library\" data-custom-edit-handle=\"1\">\n\t\t\t<a class=\"elementor-element elementor-element-289b3f5 e-flex e-con-boxed e-con e-parent\" data-id=\"289b3f5\" data-element_type=\"container\" data-e-type=\"container\" href=\"https:\/\/fss.cat\/es\/politica-de-cookies-ue\/\">\n\t\t\t\t\t<div class=\"e-con-inner\">\n\t\t\t\t\t<\/div>\n\t\t\t\t<\/a>\n\t\t\t\t<\/div>\n\t\t\t\t<div data-elementor-type=\"loop-item\" data-elementor-id=\"7865\" class=\"elementor elementor-7865 elementor-6381 e-loop-item e-loop-item-8536 post-8536 page type-page status-publish hentry\" data-elementor-post-type=\"elementor_library\" data-custom-edit-handle=\"1\">\n\t\t\t<a class=\"elementor-element elementor-element-289b3f5 e-flex e-con-boxed e-con e-parent\" data-id=\"289b3f5\" data-element_type=\"container\" data-e-type=\"container\" href=\"https:\/\/fss.cat\/es\/condiciones-de-uso\/\">\n\t\t\t\t\t<div class=\"e-con-inner\">\n\t\t\t\t\t<\/div>\n\t\t\t\t<\/a>\n\t\t\t\t<\/div>\n\t\t\t\t<div data-elementor-type=\"loop-item\" data-elementor-id=\"7865\" class=\"elementor elementor-7865 elementor-6381 e-loop-item e-loop-item-8528 post-8528 page type-page status-publish has-post-thumbnail hentry\" data-elementor-post-type=\"elementor_library\" data-custom-edit-handle=\"1\">\n\t\t\t<a class=\"elementor-element elementor-element-289b3f5 e-flex e-con-boxed e-con e-parent\" data-id=\"289b3f5\" data-element_type=\"container\" data-e-type=\"container\" href=\"https:\/\/fss.cat\/es\/servicios-comunitarios\/\">\n\t\t\t\t\t<div class=\"e-con-inner\">\n\t\t\t\t\t<\/div>\n\t\t\t\t<\/a>\n\t\t\t\t<\/div>\n\t\t\t\t<div data-elementor-type=\"loop-item\" data-elementor-id=\"7865\" class=\"elementor elementor-7865 elementor-6381 e-loop-item e-loop-item-7675 post-7675 page type-page status-publish hentry\" data-elementor-post-type=\"elementor_library\" data-custom-edit-handle=\"1\">\n\t\t\t<a class=\"elementor-element elementor-element-289b3f5 e-flex e-con-boxed e-con e-parent\" data-id=\"289b3f5\" data-element_type=\"container\" data-e-type=\"container\" href=\"https:\/\/fss.cat\/es\/tienda\/\">\n\t\t\t\t\t<div class=\"e-con-inner\">\n\t\t\t\t\t<\/div>\n\t\t\t\t<\/a>\n\t\t\t\t<\/div>\n\t\t\t\t<div data-elementor-type=\"loop-item\" data-elementor-id=\"7865\" class=\"elementor elementor-7865 elementor-6381 e-loop-item e-loop-item-7678 post-7678 page type-page status-publish hentry\" data-elementor-post-type=\"elementor_library\" data-custom-edit-handle=\"1\">\n\t\t\t<a class=\"elementor-element elementor-element-289b3f5 e-flex e-con-boxed e-con e-parent\" data-id=\"289b3f5\" data-element_type=\"container\" data-e-type=\"container\" href=\"https:\/\/fss.cat\/es\/mi-cuenta\/\">\n\t\t\t\t\t<div class=\"e-con-inner\">\n\t\t\t\t\t<\/div>\n\t\t\t\t<\/a>\n\t\t\t\t<\/div>\n\t\t\t\t<div data-elementor-type=\"loop-item\" data-elementor-id=\"7865\" class=\"elementor elementor-7865 elementor-6381 e-loop-item e-loop-item-7677 post-7677 page type-page status-publish hentry\" data-elementor-post-type=\"elementor_library\" data-custom-edit-handle=\"1\">\n\t\t\t<a class=\"elementor-element elementor-element-289b3f5 e-flex e-con-boxed e-con e-parent\" data-id=\"289b3f5\" data-element_type=\"container\" data-e-type=\"container\" href=\"https:\/\/fss.cat\/es\/finalizar-compra\/\">\n\t\t\t\t\t<div class=\"e-con-inner\">\n\t\t\t\t\t<\/div>\n\t\t\t\t<\/a>\n\t\t\t\t<\/div>\n\t\t\t\t<div data-elementor-type=\"loop-item\" data-elementor-id=\"7865\" class=\"elementor elementor-7865 elementor-6381 e-loop-item e-loop-item-7676 post-7676 page type-page status-publish hentry\" data-elementor-post-type=\"elementor_library\" data-custom-edit-handle=\"1\">\n\t\t\t<a class=\"elementor-element elementor-element-289b3f5 e-flex e-con-boxed e-con e-parent\" data-id=\"289b3f5\" data-element_type=\"container\" data-e-type=\"container\" href=\"https:\/\/fss.cat\/es\/carrito\/\">\n\t\t\t\t\t<div class=\"e-con-inner\">\n\t\t\t\t\t<\/div>\n\t\t\t\t<\/a>\n\t\t\t\t<\/div>\n\t\t\t\t<div data-elementor-type=\"loop-item\" data-elementor-id=\"7865\" class=\"elementor elementor-7865 elementor-6381 e-loop-item e-loop-item-7839 post-7839 page type-page status-publish hentry\" data-elementor-post-type=\"elementor_library\" data-custom-edit-handle=\"1\">\n\t\t\t<a class=\"elementor-element elementor-element-289b3f5 e-flex e-con-boxed e-con e-parent\" data-id=\"289b3f5\" data-element_type=\"container\" data-e-type=\"container\" href=\"https:\/\/fss.cat\/es\/aviso-legal\/\">\n\t\t\t\t\t<div class=\"e-con-inner\">\n\t\t\t\t\t<\/div>\n\t\t\t\t<\/a>\n\t\t\t\t<\/div>\n\t\t\t\t<div data-elementor-type=\"loop-item\" data-elementor-id=\"7865\" class=\"elementor elementor-7865 elementor-6381 e-loop-item e-loop-item-8538 post-8538 page type-page status-publish hentry\" data-elementor-post-type=\"elementor_library\" data-custom-edit-handle=\"1\">\n\t\t\t<a class=\"elementor-element elementor-element-289b3f5 e-flex e-con-boxed e-con e-parent\" data-id=\"289b3f5\" data-element_type=\"container\" data-e-type=\"container\" href=\"https:\/\/fss.cat\/es\/como-colaborar\/hagase-voluntario\/\">\n\t\t\t\t\t<div class=\"e-con-inner\">\n\t\t\t\t\t<\/div>\n\t\t\t\t<\/a>\n\t\t\t\t<\/div>\n\t\t\t\t<div data-elementor-type=\"loop-item\" data-elementor-id=\"7865\" class=\"elementor elementor-7865 elementor-6381 e-loop-item e-loop-item-8527 post-8527 page type-page status-publish hentry\" data-elementor-post-type=\"elementor_library\" data-custom-edit-handle=\"1\">\n\t\t\t<a class=\"elementor-element elementor-element-289b3f5 e-flex e-con-boxed e-con e-parent\" data-id=\"289b3f5\" data-element_type=\"container\" data-e-type=\"container\" href=\"https:\/\/fss.cat\/es\/como-colaborar\/trabaje-con-nosotros\/\">\n\t\t\t\t\t<div class=\"e-con-inner\">\n\t\t\t\t\t<\/div>\n\t\t\t\t<\/a>\n\t\t\t\t<\/div>\n\t\t\t\t<div data-elementor-type=\"loop-item\" data-elementor-id=\"7865\" class=\"elementor elementor-7865 elementor-6381 e-loop-item e-loop-item-8540 post-8540 page type-page status-publish hentry\" data-elementor-post-type=\"elementor_library\" data-custom-edit-handle=\"1\">\n\t\t\t<a class=\"elementor-element elementor-element-289b3f5 e-flex e-con-boxed e-con e-parent\" data-id=\"289b3f5\" data-element_type=\"container\" data-e-type=\"container\" href=\"https:\/\/fss.cat\/es\/como-colaborar\/haga-un-donativo\/\">\n\t\t\t\t\t<div class=\"e-con-inner\">\n\t\t\t\t\t<\/div>\n\t\t\t\t<\/a>\n\t\t\t\t<\/div>\n\t\t\t\t<div data-elementor-type=\"loop-item\" data-elementor-id=\"7865\" class=\"elementor elementor-7865 elementor-6381 e-loop-item e-loop-item-8529 post-8529 page type-page status-publish hentry\" data-elementor-post-type=\"elementor_library\" data-custom-edit-handle=\"1\">\n\t\t\t<a class=\"elementor-element elementor-element-289b3f5 e-flex e-con-boxed e-con e-parent\" data-id=\"289b3f5\" data-element_type=\"container\" data-e-type=\"container\" href=\"https:\/\/fss.cat\/es\/como-colaborar\/\">\n\t\t\t\t\t<div class=\"e-con-inner\">\n\t\t\t\t\t<\/div>\n\t\t\t\t<\/a>\n\t\t\t\t<\/div>\n\t\t\t\t<div data-elementor-type=\"loop-item\" data-elementor-id=\"7865\" class=\"elementor elementor-7865 elementor-6381 e-loop-item e-loop-item-7812 post-7812 page type-page status-publish hentry\" data-elementor-post-type=\"elementor_library\" data-custom-edit-handle=\"1\">\n\t\t\t<a class=\"elementor-element elementor-element-289b3f5 e-flex e-con-boxed e-con e-parent\" data-id=\"289b3f5\" data-element_type=\"container\" data-e-type=\"container\" href=\"https:\/\/fss.cat\/es\/contactar\/\">\n\t\t\t\t\t<div class=\"e-con-inner\">\n\t\t\t\t\t<\/div>\n\t\t\t\t<\/a>\n\t\t\t\t<\/div>\n\t\t\t\t<div data-elementor-type=\"loop-item\" data-elementor-id=\"7865\" class=\"elementor elementor-7865 elementor-6381 e-loop-item e-loop-item-7685 post-7685 page type-page status-publish hentry\" data-elementor-post-type=\"elementor_library\" data-custom-edit-handle=\"1\">\n\t\t\t<a class=\"elementor-element elementor-element-289b3f5 e-flex e-con-boxed e-con e-parent\" data-id=\"289b3f5\" data-element_type=\"container\" data-e-type=\"container\" href=\"https:\/\/fss.cat\/es\/\">\n\t\t\t\t\t<div class=\"e-con-inner\">\n\t\t\t\t\t<\/div>\n\t\t\t\t<\/a>\n\t\t\t\t<\/div>\n\t\t\t\t<div data-elementor-type=\"loop-item\" data-elementor-id=\"7865\" class=\"elementor elementor-7865 elementor-6381 e-loop-item e-loop-item-8534 post-8534 page type-page status-publish has-post-thumbnail hentry\" data-elementor-post-type=\"elementor_library\" data-custom-edit-handle=\"1\">\n\t\t\t<a class=\"elementor-element elementor-element-289b3f5 e-flex e-con-boxed e-con e-parent\" data-id=\"289b3f5\" data-element_type=\"container\" data-e-type=\"container\" href=\"https:\/\/fss.cat\/es\/servicios-funerarios\/atencion-al-duelo\/\">\n\t\t\t\t\t<div class=\"e-con-inner\">\n\t\t\t\t\t<\/div>\n\t\t\t\t<\/a>\n\t\t\t\t<\/div>\n\t\t\t\t<div data-elementor-type=\"loop-item\" data-elementor-id=\"7865\" class=\"elementor elementor-7865 elementor-6381 e-loop-item e-loop-item-8578 post-8578 page type-page status-publish hentry\" data-elementor-post-type=\"elementor_library\" data-custom-edit-handle=\"1\">\n\t\t\t<a class=\"elementor-element elementor-element-289b3f5 e-flex e-con-boxed e-con e-parent\" data-id=\"289b3f5\" data-element_type=\"container\" data-e-type=\"container\" href=\"https:\/\/fss.cat\/es\/servicios-funerarios\/servicios-complementarios\/\">\n\t\t\t\t\t<div class=\"e-con-inner\">\n\t\t\t\t\t<\/div>\n\t\t\t\t<\/a>\n\t\t\t\t<\/div>\n\t\t\t\t<div data-elementor-type=\"loop-item\" data-elementor-id=\"7865\" class=\"elementor elementor-7865 elementor-6381 e-loop-item e-loop-item-7855 post-7855 page type-page status-publish hentry\" data-elementor-post-type=\"elementor_library\" data-custom-edit-handle=\"1\">\n\t\t\t<a class=\"elementor-element elementor-element-289b3f5 e-flex e-con-boxed e-con e-parent\" data-id=\"289b3f5\" data-element_type=\"container\" data-e-type=\"container\" href=\"https:\/\/fss.cat\/es\/servicios-funerarios\/servicios-funerarios-esenciales\/\">\n\t\t\t\t\t<div class=\"e-con-inner\">\n\t\t\t\t\t<\/div>\n\t\t\t\t<\/a>\n\t\t\t\t<\/div>\n\t\t\t\t<div data-elementor-type=\"loop-item\" data-elementor-id=\"7865\" class=\"elementor elementor-7865 elementor-6381 e-loop-item e-loop-item-7847 post-7847 page type-page status-publish has-post-thumbnail hentry\" data-elementor-post-type=\"elementor_library\" data-custom-edit-handle=\"1\">\n\t\t\t<a class=\"elementor-element elementor-element-289b3f5 e-flex e-con-boxed e-con e-parent\" data-id=\"289b3f5\" data-element_type=\"container\" data-e-type=\"container\" href=\"https:\/\/fss.cat\/es\/servicios-funerarios\/en-caso-de-defuncion\/\">\n\t\t\t\t\t<div class=\"e-con-inner\">\n\t\t\t\t\t<\/div>\n\t\t\t\t<\/a>\n\t\t\t\t<\/div>\n\t\t\t\t<div data-elementor-type=\"loop-item\" data-elementor-id=\"7865\" class=\"elementor elementor-7865 elementor-6381 e-loop-item e-loop-item-7857 post-7857 page type-page status-publish has-post-thumbnail hentry\" data-elementor-post-type=\"elementor_library\" data-custom-edit-handle=\"1\">\n\t\t\t<a class=\"elementor-element elementor-element-289b3f5 e-flex e-con-boxed e-con e-parent\" data-id=\"289b3f5\" data-element_type=\"container\" data-e-type=\"container\" href=\"https:\/\/fss.cat\/es\/servicios-funerarios\/el-tanatorio\/\">\n\t\t\t\t\t<div class=\"e-con-inner\">\n\t\t\t\t\t<\/div>\n\t\t\t\t<\/a>\n\t\t\t\t<\/div>\n\t\t\t\t<div data-elementor-type=\"loop-item\" data-elementor-id=\"7865\" class=\"elementor elementor-7865 elementor-6381 e-loop-item e-loop-item-7758 post-7758 page type-page status-publish has-post-thumbnail hentry\" data-elementor-post-type=\"elementor_library\" data-custom-edit-handle=\"1\">\n\t\t\t<a class=\"elementor-element elementor-element-289b3f5 e-flex e-con-boxed e-con e-parent\" data-id=\"289b3f5\" data-element_type=\"container\" data-e-type=\"container\" href=\"https:\/\/fss.cat\/es\/servicios-funerarios\/velatorios\/\">\n\t\t\t\t\t<div class=\"e-con-inner\">\n\t\t\t\t\t<\/div>\n\t\t\t\t<\/a>\n\t\t\t\t<\/div>\n\t\t\t\t<div data-elementor-type=\"loop-item\" data-elementor-id=\"7865\" class=\"elementor elementor-7865 elementor-6381 e-loop-item e-loop-item-8568 post-8568 page type-page status-publish has-post-thumbnail hentry\" data-elementor-post-type=\"elementor_library\" data-custom-edit-handle=\"1\">\n\t\t\t<a class=\"elementor-element elementor-element-289b3f5 e-flex e-con-boxed e-con e-parent\" data-id=\"289b3f5\" data-element_type=\"container\" data-e-type=\"container\" href=\"https:\/\/fss.cat\/es\/servicios-sociosanitarios\/metodologia-de-trabajo\/\">\n\t\t\t\t\t<div class=\"e-con-inner\">\n\t\t\t\t\t<\/div>\n\t\t\t\t<\/a>\n\t\t\t\t<\/div>\n\t\t\t\t<\/div>\n\t\t\n\t\t\t\t\t\t<\/div>\n\t\t\t\t<\/div>\n\t\t\t\t\t<\/div>\n\t\t\t\t<\/div>\n\t\t\t\t<\/div>\n\t\t","protected":false},"excerpt":{"rendered":"<p>La muerte es un hecho vital que requiere un tiempo extraordinario. Por eso ofrecemos un espacio acogedor para hablar de nuestro dolor emocional y compartir nuestra experiencia guiados por profesionales especialistas. Entrevista de acogida Puede solicitarla cualquier persona que desee recibir una valoraci\u00f3n y orientaci\u00f3n profesional de su situaci\u00f3n. Esta entrevista es previa a la [&hellip;]<\/p>\n","protected":false},"author":1,"featured_media":9383,"parent":7930,"menu_order":3,"comment_status":"closed","ping_status":"closed","template":"","meta":{"_acf_changed":false,"footnotes":""},"class_list":["post-8534","page","type-page","status-publish","has-post-thumbnail","hentry"],"acf":[],"_links":{"self":[{"href":"https:\/\/fss.cat\/es\/wp-json\/wp\/v2\/pages\/8534","targetHints":{"allow":["GET"]}}],"collection":[{"href":"https:\/\/fss.cat\/es\/wp-json\/wp\/v2\/pages"}],"about":[{"href":"https:\/\/fss.cat\/es\/wp-json\/wp\/v2\/types\/page"}],"author":[{"embeddable":true,"href":"https:\/\/fss.cat\/es\/wp-json\/wp\/v2\/users\/1"}],"replies":[{"embeddable":true,"href":"https:\/\/fss.cat\/es\/wp-json\/wp\/v2\/comments?post=8534"}],"version-history":[{"count":0,"href":"https:\/\/fss.cat\/es\/wp-json\/wp\/v2\/pages\/8534\/revisions"}],"up":[{"embeddable":true,"href":"https:\/\/fss.cat\/es\/wp-json\/wp\/v2\/pages\/7930"}],"wp:featuredmedia":[{"embeddable":true,"href":"https:\/\/fss.cat\/es\/wp-json\/wp\/v2\/media\/9383"}],"wp:attachment":[{"href":"https:\/\/fss.cat\/es\/wp-json\/wp\/v2\/media?parent=8534"}],"curies":[{"name":"wp","href":"https:\/\/api.w.org\/{rel}","templated":true}]}}