{"id":7891,"date":"2025-07-02T10:42:40","date_gmt":"2025-07-02T10:42:40","guid":{"rendered":"https:\/\/fss.cat\/politica-de-privacidad\/"},"modified":"2025-10-03T10:34:58","modified_gmt":"2025-10-03T10:34:58","slug":"politica-de-privacidad","status":"publish","type":"page","link":"https:\/\/fss.cat\/es\/politica-de-privacidad\/","title":{"rendered":"Pol\u00edtica de privacidad"},"content":{"rendered":"\t\t<div data-elementor-type=\"wp-page\" data-elementor-id=\"7891\" class=\"elementor elementor-7891 elementor-3\" data-elementor-post-type=\"page\">\n\t\t\t\t<div class=\"elementor-element elementor-element-7669fa4b e-flex e-con-boxed e-con e-parent\" data-id=\"7669fa4b\" data-element_type=\"container\" data-e-type=\"container\">\n\t\t\t\t\t<div class=\"e-con-inner\">\n\t\t\t\t<div class=\"elementor-element elementor-element-603d4923 elementor-widget elementor-widget-text-editor\" data-id=\"603d4923\" data-element_type=\"widget\" data-e-type=\"widget\" data-widget_type=\"text-editor.default\">\n\t\t\t\t\t\t\t\t\t<p>En cumplimiento del Reglamento General de Protecci\u00f3n de Datos (UE) 2016\/679 (RGPD) y la Ley Org\u00e1nica 3\/2018, de Protecci\u00f3n de Datos Personales y garant\u00eda de los derechos digitales, les informamos sobre el tratamiento de sus datos personales:<\/p>\t\t\t\t\t\t\t\t<\/div>\n\t\t\t\t\t<\/div>\n\t\t\t\t<\/div>\n\t\t<div class=\"elementor-element elementor-element-e558900 e-flex e-con-boxed e-con e-parent\" data-id=\"e558900\" data-element_type=\"container\" data-e-type=\"container\">\n\t\t\t\t\t<div class=\"e-con-inner\">\n\t\t\t\t<div class=\"elementor-element elementor-element-d08ea41 elementor-widget elementor-widget-heading\" data-id=\"d08ea41\" data-element_type=\"widget\" data-e-type=\"widget\" data-widget_type=\"heading.default\">\n\t\t\t\t\t<h2 class=\"elementor-heading-title elementor-size-default\">Responsables del tratamiento<\/h2>\t\t\t\t<\/div>\n\t\t\t\t<div class=\"elementor-element elementor-element-1e73fe5 elementor-widget elementor-widget-text-editor\" data-id=\"1e73fe5\" data-element_type=\"widget\" data-e-type=\"widget\" data-widget_type=\"text-editor.default\">\n\t\t\t\t\t\t\t\t\t<p>Los datos recogidos a trav\u00e9s de esta web ser\u00e1n tratados por:<\/p><ul><li>Fundaci\u00f3 Resid\u00e8ncia Santa Susanna (NIF: G58044595)<\/li><li>Fundaci\u00f3 Sociosanit\u00e0ria Santa Susanna (NIF: G67302935)<\/li><\/ul><p><br>Ambas con domicilio en Caldes de Montbui. Act\u00faan como corresponsables del tratamiento. <\/p>\t\t\t\t\t\t\t\t<\/div>\n\t\t\t\t\t<\/div>\n\t\t\t\t<\/div>\n\t\t<div class=\"elementor-element elementor-element-b7ff690 e-flex e-con-boxed e-con e-parent\" data-id=\"b7ff690\" data-element_type=\"container\" data-e-type=\"container\">\n\t\t\t\t\t<div class=\"e-con-inner\">\n\t\t\t\t<div class=\"elementor-element elementor-element-93676a2 elementor-widget elementor-widget-heading\" data-id=\"93676a2\" data-element_type=\"widget\" data-e-type=\"widget\" data-widget_type=\"heading.default\">\n\t\t\t\t\t<h2 class=\"elementor-heading-title elementor-size-default\">Finalidad del tratamiento<\/h2>\t\t\t\t<\/div>\n\t\t\t\t<div class=\"elementor-element elementor-element-d7bcb1e elementor-widget elementor-widget-text-editor\" data-id=\"d7bcb1e\" data-element_type=\"widget\" data-e-type=\"widget\" data-widget_type=\"text-editor.default\">\n\t\t\t\t\t\t\t\t\t<ul><li>Responder consultas.<\/li><li>Gestionar pedidos de la tienda online.<\/li><li>Enviar comunicaciones relacionadas con los servicios, solo con consentimiento previo.<\/li><\/ul>\t\t\t\t\t\t\t\t<\/div>\n\t\t\t\t\t<\/div>\n\t\t\t\t<\/div>\n\t\t<div class=\"elementor-element elementor-element-0f578d4 e-flex e-con-boxed e-con e-parent\" data-id=\"0f578d4\" data-element_type=\"container\" data-e-type=\"container\">\n\t\t\t\t\t<div class=\"e-con-inner\">\n\t\t\t\t<div class=\"elementor-element elementor-element-048686e elementor-widget elementor-widget-heading\" data-id=\"048686e\" data-element_type=\"widget\" data-e-type=\"widget\" data-widget_type=\"heading.default\">\n\t\t\t\t\t<h2 class=\"elementor-heading-title elementor-size-default\">Base legal<\/h2>\t\t\t\t<\/div>\n\t\t\t\t<div class=\"elementor-element elementor-element-0846d60 elementor-widget elementor-widget-text-editor\" data-id=\"0846d60\" data-element_type=\"widget\" data-e-type=\"widget\" data-widget_type=\"text-editor.default\">\n\t\t\t\t\t\t\t\t\t<ul><li>Ejecuci\u00f3n de un contrato (pedidos online).<\/li><li>Consentimiento del usuario (formularios).<\/li><li>Inter\u00e9s leg\u00edtimo (gesti\u00f3n b\u00e1sica del web).<\/li><\/ul>\t\t\t\t\t\t\t\t<\/div>\n\t\t\t\t\t<\/div>\n\t\t\t\t<\/div>\n\t\t<div class=\"elementor-element elementor-element-f3a8233 e-flex e-con-boxed e-con e-parent\" data-id=\"f3a8233\" data-element_type=\"container\" data-e-type=\"container\">\n\t\t\t\t\t<div class=\"e-con-inner\">\n\t\t\t\t<div class=\"elementor-element elementor-element-e1c788e elementor-widget elementor-widget-heading\" data-id=\"e1c788e\" data-element_type=\"widget\" data-e-type=\"widget\" data-widget_type=\"heading.default\">\n\t\t\t\t\t<h2 class=\"elementor-heading-title elementor-size-default\">Destinatarios<\/h2>\t\t\t\t<\/div>\n\t\t\t\t<div class=\"elementor-element elementor-element-fa9047d elementor-widget elementor-widget-text-editor\" data-id=\"fa9047d\" data-element_type=\"widget\" data-e-type=\"widget\" data-widget_type=\"text-editor.default\">\n\t\t\t\t\t\t\t\t\t<p>No se ceder\u00e1n datos a terceros excepto por obligaci\u00f3n legal o requerimiento judicial.<\/p>\t\t\t\t\t\t\t\t<\/div>\n\t\t\t\t\t<\/div>\n\t\t\t\t<\/div>\n\t\t<div class=\"elementor-element elementor-element-72e483c e-flex e-con-boxed e-con e-parent\" data-id=\"72e483c\" data-element_type=\"container\" data-e-type=\"container\">\n\t\t\t\t\t<div class=\"e-con-inner\">\n\t\t\t\t<div class=\"elementor-element elementor-element-e271b6e elementor-widget elementor-widget-heading\" data-id=\"e271b6e\" data-element_type=\"widget\" data-e-type=\"widget\" data-widget_type=\"heading.default\">\n\t\t\t\t\t<h2 class=\"elementor-heading-title elementor-size-default\">Derechos de los usuarios<\/h2>\t\t\t\t<\/div>\n\t\t\t\t<div class=\"elementor-element elementor-element-13b8090 elementor-widget elementor-widget-text-editor\" data-id=\"13b8090\" data-element_type=\"widget\" data-e-type=\"widget\" data-widget_type=\"text-editor.default\">\n\t\t\t\t\t\t\t\t\t<p>Pueden acceder, rectificar, suprimir, limitar u oponerse al tratamiento de sus datos enviando un correo a la direcci\u00f3n de contacto de la web, indicando claramente su petici\u00f3n y adjuntando copia de su DNI.<\/p>\t\t\t\t\t\t\t\t<\/div>\n\t\t\t\t\t<\/div>\n\t\t\t\t<\/div>\n\t\t<div class=\"elementor-element elementor-element-788d333 e-flex e-con-boxed e-con e-parent\" data-id=\"788d333\" data-element_type=\"container\" data-e-type=\"container\">\n\t\t\t\t\t<div class=\"e-con-inner\">\n\t\t\t\t<div class=\"elementor-element elementor-element-723ab37 elementor-widget elementor-widget-heading\" data-id=\"723ab37\" data-element_type=\"widget\" data-e-type=\"widget\" data-widget_type=\"heading.default\">\n\t\t\t\t\t<h2 class=\"elementor-heading-title elementor-size-default\">Conservaci\u00f3n de las datos<\/h2>\t\t\t\t<\/div>\n\t\t\t\t<div class=\"elementor-element elementor-element-54c610b elementor-widget elementor-widget-text-editor\" data-id=\"54c610b\" data-element_type=\"widget\" data-e-type=\"widget\" data-widget_type=\"text-editor.default\">\n\t\t\t\t\t\t\t\t\t<p>Los datos se conservar\u00e1n durante el tiempo necesario para cumplir la finalidad para la cual fueron recogidos, o por obligaci\u00f3n legal.<\/p>\t\t\t\t\t\t\t\t<\/div>\n\t\t\t\t\t<\/div>\n\t\t\t\t<\/div>\n\t\t\t\t<\/div>\n\t\t","protected":false},"excerpt":{"rendered":"<p>En cumplimiento del Reglamento General de Protecci\u00f3n de Datos (UE) 2016\/679 (RGPD) y la Ley Org\u00e1nica 3\/2018, de Protecci\u00f3n de Datos Personales y garant\u00eda de los derechos digitales, les informamos sobre el tratamiento de sus datos personales: Responsables del tratamiento Los datos recogidos a trav\u00e9s de esta web ser\u00e1n tratados por: Fundaci\u00f3 Resid\u00e8ncia Santa Susanna [&hellip;]<\/p>\n","protected":false},"author":1,"featured_media":0,"parent":0,"menu_order":5,"comment_status":"closed","ping_status":"closed","template":"","meta":{"_acf_changed":false,"footnotes":""},"class_list":["post-7891","page","type-page","status-publish","hentry"],"acf":[],"_links":{"self":[{"href":"https:\/\/fss.cat\/es\/wp-json\/wp\/v2\/pages\/7891","targetHints":{"allow":["GET"]}}],"collection":[{"href":"https:\/\/fss.cat\/es\/wp-json\/wp\/v2\/pages"}],"about":[{"href":"https:\/\/fss.cat\/es\/wp-json\/wp\/v2\/types\/page"}],"author":[{"embeddable":true,"href":"https:\/\/fss.cat\/es\/wp-json\/wp\/v2\/users\/1"}],"replies":[{"embeddable":true,"href":"https:\/\/fss.cat\/es\/wp-json\/wp\/v2\/comments?post=7891"}],"version-history":[{"count":0,"href":"https:\/\/fss.cat\/es\/wp-json\/wp\/v2\/pages\/7891\/revisions"}],"wp:attachment":[{"href":"https:\/\/fss.cat\/es\/wp-json\/wp\/v2\/media?parent=7891"}],"curies":[{"name":"wp","href":"https:\/\/api.w.org\/{rel}","templated":true}]}}