{"id":7855,"date":"2025-07-03T08:26:21","date_gmt":"2025-07-03T08:26:21","guid":{"rendered":"https:\/\/fss.cat\/servicios-funerarios-esenciales\/"},"modified":"2025-09-29T10:18:58","modified_gmt":"2025-09-29T10:18:58","slug":"servicios-funerarios-esenciales","status":"publish","type":"page","link":"https:\/\/fss.cat\/es\/servicios-funerarios\/servicios-funerarios-esenciales\/","title":{"rendered":"Servicios funerarios esenciales"},"content":{"rendered":"\t\t<div data-elementor-type=\"wp-page\" data-elementor-id=\"7855\" class=\"elementor elementor-7855\" data-elementor-post-type=\"page\">\n\t\t\t\t<div class=\"elementor-element elementor-element-2b5b154b e-flex e-con-boxed e-con e-parent\" data-id=\"2b5b154b\" data-element_type=\"container\" data-e-type=\"container\">\n\t\t\t\t\t<div class=\"e-con-inner\">\n\t\t\t\t<div class=\"elementor-element elementor-element-5e9aebb8 elementor-widget elementor-widget-text-editor\" data-id=\"5e9aebb8\" data-element_type=\"widget\" data-e-type=\"widget\" data-widget_type=\"text-editor.default\">\n\t\t\t\t\t\t\t\t\t<p>Ofrecemos todos los servicios necesarios en caso de defunci\u00f3n y nos adaptamos a sus necesidades.<\/p><p>Solicite su presupuesto sin compromiso.<\/p>\t\t\t\t\t\t\t\t<\/div>\n\t\t\t\t\t<\/div>\n\t\t\t\t<\/div>\n\t\t<div class=\"elementor-element elementor-element-86f27e5 e-flex e-con-boxed e-con e-parent\" data-id=\"86f27e5\" data-element_type=\"container\" data-e-type=\"container\">\n\t\t\t\t\t<div class=\"e-con-inner\">\n\t\t<div class=\"elementor-element elementor-element-0fac79d e-con-full e-flex e-con e-child\" data-id=\"0fac79d\" data-element_type=\"container\" data-e-type=\"container\">\n\t\t<div class=\"elementor-element elementor-element-aa0f164 e-con-full e-flex e-con e-child\" data-id=\"aa0f164\" data-element_type=\"container\" data-e-type=\"container\">\n\t\t\t\t<div class=\"elementor-element elementor-element-bde0063 elementor-widget elementor-widget-heading\" data-id=\"bde0063\" data-element_type=\"widget\" data-e-type=\"widget\" data-widget_type=\"heading.default\">\n\t\t\t\t\t<h2 class=\"elementor-heading-title elementor-size-default\">Acondicionamiento del difunto<\/h2>\t\t\t\t<\/div>\n\t\t\t\t<\/div>\n\t\t<div class=\"elementor-element elementor-element-51a69f1 e-con-full e-flex e-con e-child\" data-id=\"51a69f1\" data-element_type=\"container\" data-e-type=\"container\">\n\t\t\t\t<div class=\"elementor-element elementor-element-cd89abf elementor-widget elementor-widget-heading\" data-id=\"cd89abf\" data-element_type=\"widget\" data-e-type=\"widget\" data-widget_type=\"heading.default\">\n\t\t\t\t\t<h2 class=\"elementor-heading-title elementor-size-default\">ata\u00fades \/ urnas<\/h2>\t\t\t\t<\/div>\n\t\t\t\t<div class=\"elementor-element elementor-element-35d2e55 elementor-widget elementor-widget-text-editor\" data-id=\"35d2e55\" data-element_type=\"widget\" data-e-type=\"widget\" data-widget_type=\"text-editor.default\">\n\t\t\t\t\t\t\t\t\t<p>Diferentes modelos disponibles<\/p>\t\t\t\t\t\t\t\t<\/div>\n\t\t\t\t<\/div>\n\t\t\t\t<\/div>\n\t\t<div class=\"elementor-element elementor-element-2e3b61a e-con-full e-flex e-con e-child\" data-id=\"2e3b61a\" data-element_type=\"container\" data-e-type=\"container\">\n\t\t<div class=\"elementor-element elementor-element-d110699 e-con-full e-flex e-con e-child\" data-id=\"d110699\" data-element_type=\"container\" data-e-type=\"container\">\n\t\t\t\t<div class=\"elementor-element elementor-element-6c8bef2 elementor-widget elementor-widget-heading\" data-id=\"6c8bef2\" data-element_type=\"widget\" data-e-type=\"widget\" data-widget_type=\"heading.default\">\n\t\t\t\t\t<h2 class=\"elementor-heading-title elementor-size-default\">Entierro \/ incineraci\u00f3n<\/h2>\t\t\t\t<\/div>\n\t\t\t\t<div class=\"elementor-element elementor-element-e75104b elementor-widget elementor-widget-text-editor\" data-id=\"e75104b\" data-element_type=\"widget\" data-e-type=\"widget\" data-widget_type=\"text-editor.default\">\n\t\t\t\t\t\t\t\t\t<p>Nos desplazamos al lugar elegido para la incineraci\u00f3n o el entierro<\/p>\t\t\t\t\t\t\t\t<\/div>\n\t\t\t\t<\/div>\n\t\t<div class=\"elementor-element elementor-element-1e675b2 e-con-full e-flex e-con e-child\" data-id=\"1e675b2\" data-element_type=\"container\" data-e-type=\"container\">\n\t\t\t\t<div class=\"elementor-element elementor-element-5810e14 elementor-widget elementor-widget-heading\" data-id=\"5810e14\" data-element_type=\"widget\" data-e-type=\"widget\" data-widget_type=\"heading.default\">\n\t\t\t\t\t<h2 class=\"elementor-heading-title elementor-size-default\">Tr\u00e1mites y gestiones<\/h2>\t\t\t\t<\/div>\n\t\t\t\t<div class=\"elementor-element elementor-element-f971637 elementor-widget elementor-widget-text-editor\" data-id=\"f971637\" data-element_type=\"widget\" data-e-type=\"widget\" data-widget_type=\"text-editor.default\">\n\t\t\t\t\t\t\t\t\t<p>Gestionamos la documentaci\u00f3n necesaria para el entierro y para la documentaci\u00f3n posterior (\u00faltimas voluntades, tramitaci\u00f3n de pensiones&#8230;)<\/p>\t\t\t\t\t\t\t\t<\/div>\n\t\t\t\t<\/div>\n\t\t\t\t<\/div>\n\t\t<div class=\"elementor-element elementor-element-ac39ea1 e-con-full e-flex e-con e-child\" data-id=\"ac39ea1\" data-element_type=\"container\" data-e-type=\"container\">\n\t\t<div class=\"elementor-element elementor-element-3408e6c e-con-full e-flex e-con e-child\" data-id=\"3408e6c\" data-element_type=\"container\" data-e-type=\"container\">\n\t\t\t\t<div class=\"elementor-element elementor-element-e01752f elementor-widget elementor-widget-heading\" data-id=\"e01752f\" data-element_type=\"widget\" data-e-type=\"widget\" data-widget_type=\"heading.default\">\n\t\t\t\t\t<h2 class=\"elementor-heading-title elementor-size-default\">Sala de velatorio<\/h2>\t\t\t\t<\/div>\n\t\t\t\t<div class=\"elementor-element elementor-element-d719220 elementor-widget elementor-widget-text-editor\" data-id=\"d719220\" data-element_type=\"widget\" data-e-type=\"widget\" data-widget_type=\"text-editor.default\">\n\t\t\t\t\t\t\t\t\t<p>Posibilidad de utilizar la sala de velatorio Santa Susanna o traslado y acondicionamiento del f\u00e9retro al domicilio para velarlo en casa<\/p>\t\t\t\t\t\t\t\t<\/div>\n\t\t\t\t<\/div>\n\t\t<div class=\"elementor-element elementor-element-3c0bf01 e-con-full e-flex e-con e-child\" data-id=\"3c0bf01\" data-element_type=\"container\" data-e-type=\"container\">\n\t\t\t\t<div class=\"elementor-element elementor-element-436f9b5 elementor-widget elementor-widget-heading\" data-id=\"436f9b5\" data-element_type=\"widget\" data-e-type=\"widget\" data-widget_type=\"heading.default\">\n\t\t\t\t\t<h2 class=\"elementor-heading-title elementor-size-default\">Traslados<\/h2>\t\t\t\t<\/div>\n\t\t\t\t<div class=\"elementor-element elementor-element-f27ab91 elementor-widget elementor-widget-text-editor\" data-id=\"f27ab91\" data-element_type=\"widget\" data-e-type=\"widget\" data-widget_type=\"text-editor.default\">\n\t\t\t\t\t\t\t\t\t<p>Recogida del difunto en el domicilio y en los hospitales las 24 horas del d\u00eda los 365 d\u00edas del a\u00f1o; y traslado a la sala de velatorio, al servicio de incineraci\u00f3n o al cementerio elegido<\/p>\t\t\t\t\t\t\t\t<\/div>\n\t\t\t\t<\/div>\n\t\t\t\t<\/div>\n\t\t\t\t\t<\/div>\n\t\t\t\t<\/div>\n\t\t<div class=\"elementor-element elementor-element-6efd45fd e-flex e-con-boxed e-con e-parent\" data-id=\"6efd45fd\" data-element_type=\"container\" data-e-type=\"container\">\n\t\t\t\t\t<div class=\"e-con-inner\">\n\t\t\t\t<div class=\"elementor-element elementor-element-59636f6e elementor-widget elementor-widget-heading\" data-id=\"59636f6e\" data-element_type=\"widget\" data-e-type=\"widget\" data-widget_type=\"heading.default\">\n\t\t\t\t\t<h2 class=\"elementor-heading-title elementor-size-default\">Paginas relacionadas<\/h2>\t\t\t\t<\/div>\n\t\t\t\t<div class=\"elementor-element elementor-element-4a485ace elementor-grid-3 elementor-grid-tablet-2 elementor-grid-mobile-1 elementor-widget elementor-widget-loop-grid\" data-id=\"4a485ace\" data-element_type=\"widget\" data-e-type=\"widget\" data-settings=\"{&quot;template_id&quot;:7865,&quot;row_gap&quot;:{&quot;unit&quot;:&quot;em&quot;,&quot;size&quot;:1,&quot;sizes&quot;:[]},&quot;row_gap_tablet&quot;:{&quot;unit&quot;:&quot;em&quot;,&quot;size&quot;:&quot;&quot;,&quot;sizes&quot;:[]},&quot;row_gap_mobile&quot;:{&quot;unit&quot;:&quot;em&quot;,&quot;size&quot;:&quot;&quot;,&quot;sizes&quot;:[]},&quot;_skin&quot;:&quot;post&quot;,&quot;columns&quot;:&quot;3&quot;,&quot;columns_tablet&quot;:&quot;2&quot;,&quot;columns_mobile&quot;:&quot;1&quot;,&quot;edit_handle_selector&quot;:&quot;[data-elementor-type=\\&quot;loop-item\\&quot;]&quot;}\" data-widget_type=\"loop-grid.post\">\n\t\t\t\t<div class=\"elementor-widget-container\">\n\t\t\t\t\t\t\t<div class=\"elementor-loop-container elementor-grid\" role=\"list\">\n\t\t<style id=\"loop-7865\">.elementor-7865 .elementor-element.elementor-element-289b3f5{--display:flex;--min-height:6em;--justify-content:center;--align-items:center;--container-widget-width:calc( ( 1 - var( --container-widget-flex-grow ) ) * 100% );--background-transition:0.3s;--overlay-opacity:0.5;}.elementor-7865 .elementor-element.elementor-element-289b3f5:hover{background-color:var( --e-global-color-primary );}.elementor-7865 .elementor-element.elementor-element-289b3f5::before, .elementor-7865 .elementor-element.elementor-element-289b3f5 > .elementor-background-video-container::before, .elementor-7865 .elementor-element.elementor-element-289b3f5 > .e-con-inner > .elementor-background-video-container::before, .elementor-7865 .elementor-element.elementor-element-289b3f5 > .elementor-background-slideshow::before, .elementor-7865 .elementor-element.elementor-element-289b3f5 > .e-con-inner > .elementor-background-slideshow::before, .elementor-7865 .elementor-element.elementor-element-289b3f5 > .elementor-motion-effects-container > .elementor-motion-effects-layer::before{--background-overlay:'';background-color:var( --e-global-color-secondary );}.elementor-widget-theme-page-title .elementor-heading-title{font-family:var( --e-global-typography-primary-font-family ), Sans-serif;font-weight:var( --e-global-typography-primary-font-weight );color:var( --e-global-color-primary );}.elementor-7865 .elementor-element.elementor-element-d84324a{text-align:center;padding:0em 0em 0em 0em;}.elementor-7865 .elementor-element.elementor-element-d84324a .elementor-heading-title{font-family:var( --e-global-typography-accent-font-family ), Sans-serif;font-weight:var( --e-global-typography-accent-font-weight );-webkit-text-stroke-color:#000;stroke:#000;color:var( --e-global-color-text );}<\/style>\t\t<div data-elementor-type=\"loop-item\" data-elementor-id=\"7865\" class=\"elementor elementor-7865 elementor-6381 e-loop-item e-loop-item-10397 post-10397 page type-page status-publish hentry\" data-elementor-post-type=\"elementor_library\" data-custom-edit-handle=\"1\">\n\t\t\t<a class=\"elementor-element elementor-element-289b3f5 e-flex e-con-boxed e-con e-parent\" data-id=\"289b3f5\" data-element_type=\"container\" data-e-type=\"container\" href=\"https:\/\/fss.cat\/es\/canal-intern-informatiu\/\">\n\t\t\t\t\t<div class=\"e-con-inner\">\n\t\t\t\t\t<\/div>\n\t\t\t\t<\/a>\n\t\t\t\t<\/div>\n\t\t\t\t<div data-elementor-type=\"loop-item\" data-elementor-id=\"7865\" class=\"elementor elementor-7865 elementor-6381 e-loop-item e-loop-item-10040 post-10040 page type-page status-publish has-post-thumbnail hentry\" data-elementor-post-type=\"elementor_library\" data-custom-edit-handle=\"1\">\n\t\t\t<a class=\"elementor-element elementor-element-289b3f5 e-flex e-con-boxed e-con e-parent\" data-id=\"289b3f5\" data-element_type=\"container\" data-e-type=\"container\" href=\"https:\/\/fss.cat\/es\/serveis-funeraris\/el-cami\/\">\n\t\t\t\t\t<div class=\"e-con-inner\">\n\t\t\t\t\t<\/div>\n\t\t\t\t<\/a>\n\t\t\t\t<\/div>\n\t\t\t\t<div data-elementor-type=\"loop-item\" data-elementor-id=\"7865\" class=\"elementor elementor-7865 elementor-6381 e-loop-item e-loop-item-9207 post-9207 page type-page status-publish hentry\" data-elementor-post-type=\"elementor_library\" data-custom-edit-handle=\"1\">\n\t\t\t<a class=\"elementor-element elementor-element-289b3f5 e-flex e-con-boxed e-con e-parent\" data-id=\"289b3f5\" data-element_type=\"container\" data-e-type=\"container\" href=\"https:\/\/fss.cat\/es\/agenda\/\">\n\t\t\t\t\t<div class=\"e-con-inner\">\n\t\t\t\t\t<\/div>\n\t\t\t\t<\/a>\n\t\t\t\t<\/div>\n\t\t\t\t<div data-elementor-type=\"loop-item\" data-elementor-id=\"7865\" class=\"elementor elementor-7865 elementor-6381 e-loop-item e-loop-item-8917 post-8917 page type-page status-publish hentry\" data-elementor-post-type=\"elementor_library\" data-custom-edit-handle=\"1\">\n\t\t\t<a class=\"elementor-element elementor-element-289b3f5 e-flex e-con-boxed e-con e-parent\" data-id=\"289b3f5\" data-element_type=\"container\" data-e-type=\"container\" href=\"https:\/\/fss.cat\/es\/politica-de-cookies-ue\/\">\n\t\t\t\t\t<div class=\"e-con-inner\">\n\t\t\t\t\t<\/div>\n\t\t\t\t<\/a>\n\t\t\t\t<\/div>\n\t\t\t\t<div data-elementor-type=\"loop-item\" data-elementor-id=\"7865\" class=\"elementor elementor-7865 elementor-6381 e-loop-item e-loop-item-8536 post-8536 page type-page status-publish hentry\" data-elementor-post-type=\"elementor_library\" data-custom-edit-handle=\"1\">\n\t\t\t<a class=\"elementor-element elementor-element-289b3f5 e-flex e-con-boxed e-con e-parent\" data-id=\"289b3f5\" data-element_type=\"container\" data-e-type=\"container\" href=\"https:\/\/fss.cat\/es\/condiciones-de-uso\/\">\n\t\t\t\t\t<div class=\"e-con-inner\">\n\t\t\t\t\t<\/div>\n\t\t\t\t<\/a>\n\t\t\t\t<\/div>\n\t\t\t\t<div data-elementor-type=\"loop-item\" data-elementor-id=\"7865\" class=\"elementor elementor-7865 elementor-6381 e-loop-item e-loop-item-8528 post-8528 page type-page status-publish has-post-thumbnail hentry\" data-elementor-post-type=\"elementor_library\" data-custom-edit-handle=\"1\">\n\t\t\t<a class=\"elementor-element elementor-element-289b3f5 e-flex e-con-boxed e-con e-parent\" data-id=\"289b3f5\" data-element_type=\"container\" data-e-type=\"container\" href=\"https:\/\/fss.cat\/es\/servicios-comunitarios\/\">\n\t\t\t\t\t<div class=\"e-con-inner\">\n\t\t\t\t\t<\/div>\n\t\t\t\t<\/a>\n\t\t\t\t<\/div>\n\t\t\t\t<div data-elementor-type=\"loop-item\" data-elementor-id=\"7865\" class=\"elementor elementor-7865 elementor-6381 e-loop-item e-loop-item-7675 post-7675 page type-page status-publish hentry\" data-elementor-post-type=\"elementor_library\" data-custom-edit-handle=\"1\">\n\t\t\t<a class=\"elementor-element elementor-element-289b3f5 e-flex e-con-boxed e-con e-parent\" data-id=\"289b3f5\" data-element_type=\"container\" data-e-type=\"container\" href=\"https:\/\/fss.cat\/es\/tienda\/\">\n\t\t\t\t\t<div class=\"e-con-inner\">\n\t\t\t\t\t<\/div>\n\t\t\t\t<\/a>\n\t\t\t\t<\/div>\n\t\t\t\t<div data-elementor-type=\"loop-item\" data-elementor-id=\"7865\" class=\"elementor elementor-7865 elementor-6381 e-loop-item e-loop-item-7678 post-7678 page type-page status-publish hentry\" data-elementor-post-type=\"elementor_library\" data-custom-edit-handle=\"1\">\n\t\t\t<a class=\"elementor-element elementor-element-289b3f5 e-flex e-con-boxed e-con e-parent\" data-id=\"289b3f5\" data-element_type=\"container\" data-e-type=\"container\" href=\"https:\/\/fss.cat\/es\/mi-cuenta\/\">\n\t\t\t\t\t<div class=\"e-con-inner\">\n\t\t\t\t\t<\/div>\n\t\t\t\t<\/a>\n\t\t\t\t<\/div>\n\t\t\t\t<div data-elementor-type=\"loop-item\" data-elementor-id=\"7865\" class=\"elementor elementor-7865 elementor-6381 e-loop-item e-loop-item-7677 post-7677 page type-page status-publish hentry\" data-elementor-post-type=\"elementor_library\" data-custom-edit-handle=\"1\">\n\t\t\t<a class=\"elementor-element elementor-element-289b3f5 e-flex e-con-boxed e-con e-parent\" data-id=\"289b3f5\" data-element_type=\"container\" data-e-type=\"container\" href=\"https:\/\/fss.cat\/es\/finalizar-compra\/\">\n\t\t\t\t\t<div class=\"e-con-inner\">\n\t\t\t\t\t<\/div>\n\t\t\t\t<\/a>\n\t\t\t\t<\/div>\n\t\t\t\t<div data-elementor-type=\"loop-item\" data-elementor-id=\"7865\" class=\"elementor elementor-7865 elementor-6381 e-loop-item e-loop-item-7676 post-7676 page type-page status-publish hentry\" data-elementor-post-type=\"elementor_library\" data-custom-edit-handle=\"1\">\n\t\t\t<a class=\"elementor-element elementor-element-289b3f5 e-flex e-con-boxed e-con e-parent\" data-id=\"289b3f5\" data-element_type=\"container\" data-e-type=\"container\" href=\"https:\/\/fss.cat\/es\/carrito\/\">\n\t\t\t\t\t<div class=\"e-con-inner\">\n\t\t\t\t\t<\/div>\n\t\t\t\t<\/a>\n\t\t\t\t<\/div>\n\t\t\t\t<div data-elementor-type=\"loop-item\" data-elementor-id=\"7865\" class=\"elementor elementor-7865 elementor-6381 e-loop-item e-loop-item-7839 post-7839 page type-page status-publish hentry\" data-elementor-post-type=\"elementor_library\" data-custom-edit-handle=\"1\">\n\t\t\t<a class=\"elementor-element elementor-element-289b3f5 e-flex e-con-boxed e-con e-parent\" data-id=\"289b3f5\" data-element_type=\"container\" data-e-type=\"container\" href=\"https:\/\/fss.cat\/es\/aviso-legal\/\">\n\t\t\t\t\t<div class=\"e-con-inner\">\n\t\t\t\t\t<\/div>\n\t\t\t\t<\/a>\n\t\t\t\t<\/div>\n\t\t\t\t<div data-elementor-type=\"loop-item\" data-elementor-id=\"7865\" class=\"elementor elementor-7865 elementor-6381 e-loop-item e-loop-item-8538 post-8538 page type-page status-publish hentry\" data-elementor-post-type=\"elementor_library\" data-custom-edit-handle=\"1\">\n\t\t\t<a class=\"elementor-element elementor-element-289b3f5 e-flex e-con-boxed e-con e-parent\" data-id=\"289b3f5\" data-element_type=\"container\" data-e-type=\"container\" href=\"https:\/\/fss.cat\/es\/como-colaborar\/hagase-voluntario\/\">\n\t\t\t\t\t<div class=\"e-con-inner\">\n\t\t\t\t\t<\/div>\n\t\t\t\t<\/a>\n\t\t\t\t<\/div>\n\t\t\t\t<div data-elementor-type=\"loop-item\" data-elementor-id=\"7865\" class=\"elementor elementor-7865 elementor-6381 e-loop-item e-loop-item-8527 post-8527 page type-page status-publish hentry\" data-elementor-post-type=\"elementor_library\" data-custom-edit-handle=\"1\">\n\t\t\t<a class=\"elementor-element elementor-element-289b3f5 e-flex e-con-boxed e-con e-parent\" data-id=\"289b3f5\" data-element_type=\"container\" data-e-type=\"container\" href=\"https:\/\/fss.cat\/es\/como-colaborar\/trabaje-con-nosotros\/\">\n\t\t\t\t\t<div class=\"e-con-inner\">\n\t\t\t\t\t<\/div>\n\t\t\t\t<\/a>\n\t\t\t\t<\/div>\n\t\t\t\t<div data-elementor-type=\"loop-item\" data-elementor-id=\"7865\" class=\"elementor elementor-7865 elementor-6381 e-loop-item e-loop-item-8540 post-8540 page type-page status-publish hentry\" data-elementor-post-type=\"elementor_library\" data-custom-edit-handle=\"1\">\n\t\t\t<a class=\"elementor-element elementor-element-289b3f5 e-flex e-con-boxed e-con e-parent\" data-id=\"289b3f5\" data-element_type=\"container\" data-e-type=\"container\" href=\"https:\/\/fss.cat\/es\/como-colaborar\/haga-un-donativo\/\">\n\t\t\t\t\t<div class=\"e-con-inner\">\n\t\t\t\t\t<\/div>\n\t\t\t\t<\/a>\n\t\t\t\t<\/div>\n\t\t\t\t<div data-elementor-type=\"loop-item\" data-elementor-id=\"7865\" class=\"elementor elementor-7865 elementor-6381 e-loop-item e-loop-item-8529 post-8529 page type-page status-publish hentry\" data-elementor-post-type=\"elementor_library\" data-custom-edit-handle=\"1\">\n\t\t\t<a class=\"elementor-element elementor-element-289b3f5 e-flex e-con-boxed e-con e-parent\" data-id=\"289b3f5\" data-element_type=\"container\" data-e-type=\"container\" href=\"https:\/\/fss.cat\/es\/como-colaborar\/\">\n\t\t\t\t\t<div class=\"e-con-inner\">\n\t\t\t\t\t<\/div>\n\t\t\t\t<\/a>\n\t\t\t\t<\/div>\n\t\t\t\t<div data-elementor-type=\"loop-item\" data-elementor-id=\"7865\" class=\"elementor elementor-7865 elementor-6381 e-loop-item e-loop-item-7812 post-7812 page type-page status-publish hentry\" data-elementor-post-type=\"elementor_library\" data-custom-edit-handle=\"1\">\n\t\t\t<a class=\"elementor-element elementor-element-289b3f5 e-flex e-con-boxed e-con e-parent\" data-id=\"289b3f5\" data-element_type=\"container\" data-e-type=\"container\" href=\"https:\/\/fss.cat\/es\/contactar\/\">\n\t\t\t\t\t<div class=\"e-con-inner\">\n\t\t\t\t\t<\/div>\n\t\t\t\t<\/a>\n\t\t\t\t<\/div>\n\t\t\t\t<div data-elementor-type=\"loop-item\" data-elementor-id=\"7865\" class=\"elementor elementor-7865 elementor-6381 e-loop-item e-loop-item-7685 post-7685 page type-page status-publish hentry\" data-elementor-post-type=\"elementor_library\" data-custom-edit-handle=\"1\">\n\t\t\t<a class=\"elementor-element elementor-element-289b3f5 e-flex e-con-boxed e-con e-parent\" data-id=\"289b3f5\" data-element_type=\"container\" data-e-type=\"container\" href=\"https:\/\/fss.cat\/es\/\">\n\t\t\t\t\t<div class=\"e-con-inner\">\n\t\t\t\t\t<\/div>\n\t\t\t\t<\/a>\n\t\t\t\t<\/div>\n\t\t\t\t<div data-elementor-type=\"loop-item\" data-elementor-id=\"7865\" class=\"elementor elementor-7865 elementor-6381 e-loop-item e-loop-item-8534 post-8534 page type-page status-publish has-post-thumbnail hentry\" data-elementor-post-type=\"elementor_library\" data-custom-edit-handle=\"1\">\n\t\t\t<a class=\"elementor-element elementor-element-289b3f5 e-flex e-con-boxed e-con e-parent\" data-id=\"289b3f5\" data-element_type=\"container\" data-e-type=\"container\" href=\"https:\/\/fss.cat\/es\/servicios-funerarios\/atencion-al-duelo\/\">\n\t\t\t\t\t<div class=\"e-con-inner\">\n\t\t\t\t\t<\/div>\n\t\t\t\t<\/a>\n\t\t\t\t<\/div>\n\t\t\t\t<div data-elementor-type=\"loop-item\" data-elementor-id=\"7865\" class=\"elementor elementor-7865 elementor-6381 e-loop-item e-loop-item-8578 post-8578 page type-page status-publish hentry\" data-elementor-post-type=\"elementor_library\" data-custom-edit-handle=\"1\">\n\t\t\t<a class=\"elementor-element elementor-element-289b3f5 e-flex e-con-boxed e-con e-parent\" data-id=\"289b3f5\" data-element_type=\"container\" data-e-type=\"container\" href=\"https:\/\/fss.cat\/es\/servicios-funerarios\/servicios-complementarios\/\">\n\t\t\t\t\t<div class=\"e-con-inner\">\n\t\t\t\t\t<\/div>\n\t\t\t\t<\/a>\n\t\t\t\t<\/div>\n\t\t\t\t<div data-elementor-type=\"loop-item\" data-elementor-id=\"7865\" class=\"elementor elementor-7865 elementor-6381 e-loop-item e-loop-item-7855 post-7855 page type-page status-publish hentry\" data-elementor-post-type=\"elementor_library\" data-custom-edit-handle=\"1\">\n\t\t\t<a class=\"elementor-element elementor-element-289b3f5 e-flex e-con-boxed e-con e-parent\" data-id=\"289b3f5\" data-element_type=\"container\" data-e-type=\"container\" href=\"https:\/\/fss.cat\/es\/servicios-funerarios\/servicios-funerarios-esenciales\/\">\n\t\t\t\t\t<div class=\"e-con-inner\">\n\t\t\t\t\t<\/div>\n\t\t\t\t<\/a>\n\t\t\t\t<\/div>\n\t\t\t\t<div data-elementor-type=\"loop-item\" data-elementor-id=\"7865\" class=\"elementor elementor-7865 elementor-6381 e-loop-item e-loop-item-7847 post-7847 page type-page status-publish has-post-thumbnail hentry\" data-elementor-post-type=\"elementor_library\" data-custom-edit-handle=\"1\">\n\t\t\t<a class=\"elementor-element elementor-element-289b3f5 e-flex e-con-boxed e-con e-parent\" data-id=\"289b3f5\" data-element_type=\"container\" data-e-type=\"container\" href=\"https:\/\/fss.cat\/es\/servicios-funerarios\/en-caso-de-defuncion\/\">\n\t\t\t\t\t<div class=\"e-con-inner\">\n\t\t\t\t\t<\/div>\n\t\t\t\t<\/a>\n\t\t\t\t<\/div>\n\t\t\t\t<div data-elementor-type=\"loop-item\" data-elementor-id=\"7865\" class=\"elementor elementor-7865 elementor-6381 e-loop-item e-loop-item-7857 post-7857 page type-page status-publish has-post-thumbnail hentry\" data-elementor-post-type=\"elementor_library\" data-custom-edit-handle=\"1\">\n\t\t\t<a class=\"elementor-element elementor-element-289b3f5 e-flex e-con-boxed e-con e-parent\" data-id=\"289b3f5\" data-element_type=\"container\" data-e-type=\"container\" href=\"https:\/\/fss.cat\/es\/servicios-funerarios\/el-tanatorio\/\">\n\t\t\t\t\t<div class=\"e-con-inner\">\n\t\t\t\t\t<\/div>\n\t\t\t\t<\/a>\n\t\t\t\t<\/div>\n\t\t\t\t<div data-elementor-type=\"loop-item\" data-elementor-id=\"7865\" class=\"elementor elementor-7865 elementor-6381 e-loop-item e-loop-item-7758 post-7758 page type-page status-publish has-post-thumbnail hentry\" data-elementor-post-type=\"elementor_library\" data-custom-edit-handle=\"1\">\n\t\t\t<a class=\"elementor-element elementor-element-289b3f5 e-flex e-con-boxed e-con e-parent\" data-id=\"289b3f5\" data-element_type=\"container\" data-e-type=\"container\" href=\"https:\/\/fss.cat\/es\/servicios-funerarios\/velatorios\/\">\n\t\t\t\t\t<div class=\"e-con-inner\">\n\t\t\t\t\t<\/div>\n\t\t\t\t<\/a>\n\t\t\t\t<\/div>\n\t\t\t\t<div data-elementor-type=\"loop-item\" data-elementor-id=\"7865\" class=\"elementor elementor-7865 elementor-6381 e-loop-item e-loop-item-8568 post-8568 page type-page status-publish has-post-thumbnail hentry\" data-elementor-post-type=\"elementor_library\" data-custom-edit-handle=\"1\">\n\t\t\t<a class=\"elementor-element elementor-element-289b3f5 e-flex e-con-boxed e-con e-parent\" data-id=\"289b3f5\" data-element_type=\"container\" data-e-type=\"container\" href=\"https:\/\/fss.cat\/es\/servicios-sociosanitarios\/metodologia-de-trabajo\/\">\n\t\t\t\t\t<div class=\"e-con-inner\">\n\t\t\t\t\t<\/div>\n\t\t\t\t<\/a>\n\t\t\t\t<\/div>\n\t\t\t\t<\/div>\n\t\t\n\t\t\t\t\t\t<\/div>\n\t\t\t\t<\/div>\n\t\t\t\t\t<\/div>\n\t\t\t\t<\/div>\n\t\t\t\t<\/div>\n\t\t","protected":false},"excerpt":{"rendered":"<p>Ofrecemos todos los servicios necesarios en caso de defunci\u00f3n y nos adaptamos a sus necesidades. Solicite su presupuesto sin compromiso. Acondicionamiento del difunto ata\u00fades \/ urnas Diferentes modelos disponibles Entierro \/ incineraci\u00f3n Nos desplazamos al lugar elegido para la incineraci\u00f3n o el entierro Tr\u00e1mites y gestiones Gestionamos la documentaci\u00f3n necesaria para el entierro y para [&hellip;]<\/p>\n","protected":false},"author":1,"featured_media":0,"parent":7930,"menu_order":5,"comment_status":"closed","ping_status":"closed","template":"","meta":{"_acf_changed":false,"footnotes":""},"class_list":["post-7855","page","type-page","status-publish","hentry"],"acf":[],"_links":{"self":[{"href":"https:\/\/fss.cat\/es\/wp-json\/wp\/v2\/pages\/7855","targetHints":{"allow":["GET"]}}],"collection":[{"href":"https:\/\/fss.cat\/es\/wp-json\/wp\/v2\/pages"}],"about":[{"href":"https:\/\/fss.cat\/es\/wp-json\/wp\/v2\/types\/page"}],"author":[{"embeddable":true,"href":"https:\/\/fss.cat\/es\/wp-json\/wp\/v2\/users\/1"}],"replies":[{"embeddable":true,"href":"https:\/\/fss.cat\/es\/wp-json\/wp\/v2\/comments?post=7855"}],"version-history":[{"count":0,"href":"https:\/\/fss.cat\/es\/wp-json\/wp\/v2\/pages\/7855\/revisions"}],"up":[{"embeddable":true,"href":"https:\/\/fss.cat\/es\/wp-json\/wp\/v2\/pages\/7930"}],"wp:attachment":[{"href":"https:\/\/fss.cat\/es\/wp-json\/wp\/v2\/media?parent=7855"}],"curies":[{"name":"wp","href":"https:\/\/api.w.org\/{rel}","templated":true}]}}